{"id":7,"date":"2025-03-14T13:18:59","date_gmt":"2025-03-14T12:18:59","guid":{"rendered":"https:\/\/recreation-sete.fr\/?page_id=7"},"modified":"2025-08-30T12:05:17","modified_gmt":"2025-08-30T10:05:17","slug":"accueil","status":"publish","type":"page","link":"https:\/\/recreation-sete.fr\/","title":{"rendered":"Accueil"},"content":{"rendered":"<p>[et_pb_section fb_built=\u00a0\u00bb1&Prime; admin_label=\u00a0\u00bbHeader\u00a0\u00bb _builder_version=\u00a0\u00bb4.24.2&Prime; _module_preset=\u00a0\u00bbdefault\u00a0\u00bb ab_goal=\u00a0\u00bbon\u00a0\u00bb collapsed=\u00a0\u00bbon\u00a0\u00bb global_colors_info=\u00a0\u00bb{}\u00a0\u00bb][et_pb_row column_structure=\u00a0\u00bb1_3,1_3,1_3&Prime; _builder_version=\u00a0\u00bb4.27.4&Prime; _module_preset=\u00a0\u00bbdefault\u00a0\u00bb background_color=\u00a0\u00bb#FFFFFF\u00a0\u00bb max_width=\u00a0\u00bb1280px\u00a0\u00bb custom_padding=\u00a0\u00bb||50px|||\u00a0\u00bb global_colors_info=\u00a0\u00bb{}\u00a0\u00bb][et_pb_column type=\u00a0\u00bb1_3&Prime; _builder_version=\u00a0\u00bb4.24.2&Prime; _module_preset=\u00a0\u00bbdefault\u00a0\u00bb custom_padding=\u00a0\u00bb60px||||false|false\u00a0\u00bb custom_padding_tablet=\u00a0\u00bb0px||||false|false\u00a0\u00bb custom_padding_phone=\u00a0\u00bb0px||||false|false\u00a0\u00bb custom_padding_last_edited=\u00a0\u00bbon|tablet\u00a0\u00bb global_colors_info=\u00a0\u00bb{}\u00a0\u00bb][et_pb_text _builder_version=\u00a0\u00bb4.27.4&Prime; _module_preset=\u00a0\u00bb163f745f-ec6d-4b31-9398-be4266336e0e\u00a0\u00bb header_4_text_color=\u00a0\u00bbgcid-f97cece5-7be8-4f1e-9c80-b24cb8a333b3&Prime; locked=\u00a0\u00bboff\u00a0\u00bb global_colors_info=\u00a0\u00bb{%22gcid-f97cece5-7be8-4f1e-9c80-b24cb8a333b3%22:%91%22header_4_text_color%22%93}\u00a0\u00bb]<\/p>\n<h4>C&rsquo;est quoi cette structure?<\/h4>\n<p>[\/et_pb_text][et_pb_text _builder_version=\u00a0\u00bb4.27.4&Prime; _module_preset=\u00a0\u00bb1d2ec25c-2f91-48d9-9556-830f2f245ad5&Prime; locked=\u00a0\u00bboff\u00a0\u00bb global_colors_info=\u00a0\u00bb{}\u00a0\u00bb]<\/p>\n<h1>RE-CREATION pour tous<\/h1>\n<p>[\/et_pb_text][\/et_pb_column][et_pb_column type=\u00a0\u00bb1_3&Prime; _builder_version=\u00a0\u00bb4.27.4&Prime; _module_preset=\u00a0\u00bbdefault\u00a0\u00bb background_color=\u00a0\u00bb#FC9569&Prime; background_image=\u00a0\u00bbhttps:\/\/recreation-sete.fr\/wp-content\/uploads\/2025\/03\/virtual-courses-illustration-02@2x.png\u00a0\u00bb parallax=\u00a0\u00bbon\u00a0\u00bb overflow-x=\u00a0\u00bbvisible\u00a0\u00bb overflow-y=\u00a0\u00bbvisible\u00a0\u00bb custom_padding=\u00a0\u00bb20%|||20px|false|false\u00a0\u00bb custom_padding_tablet=\u00a0\u00bb20%|||20px|false|false\u00a0\u00bb custom_padding_phone=\u00a0\u00bb20%|||20px|false|false\u00a0\u00bb custom_padding_last_edited=\u00a0\u00bbon|tablet\u00a0\u00bb border_radii=\u00a0\u00bbon|10px|10px|10px|10px\u00a0\u00bb global_colors_info=\u00a0\u00bb{}\u00a0\u00bb][et_pb_image src=\u00a0\u00bbhttps:\/\/recreation-sete.fr\/wp-content\/uploads\/2025\/07\/DR0_6969-scaled.jpg\u00a0\u00bb alt=\u00a0\u00bbportrait photo\u00a0\u00bb title_text=\u00a0\u00bbDR0_6969&Prime; _builder_version=\u00a0\u00bb4.27.4&Prime; _module_preset=\u00a0\u00bbdefault\u00a0\u00bb custom_margin=\u00a0\u00bb|-30px||20px|false|false\u00a0\u00bb custom_margin_tablet=\u00a0\u00bb|-5%|||false|false\u00a0\u00bb custom_margin_phone=\u00a0\u00bb|0px|||false|false\u00a0\u00bb custom_margin_last_edited=\u00a0\u00bbon|tablet\u00a0\u00bb border_radii=\u00a0\u00bbon|5px|5px|5px|5px\u00a0\u00bb global_colors_info=\u00a0\u00bb{}\u00a0\u00bb][\/et_pb_image][et_pb_image src=\u00a0\u00bbhttps:\/\/recreation-sete.fr\/wp-content\/uploads\/2025\/07\/ado-3.webp\u00a0\u00bb alt=\u00a0\u00bbchant enfant\u00a0\u00bb title_text=\u00a0\u00bbado 3&Prime; _builder_version=\u00a0\u00bb4.27.4&Prime; _module_preset=\u00a0\u00bbdefault\u00a0\u00bb custom_margin=\u00a0\u00bb|-30px||20px|false|false\u00a0\u00bb custom_margin_tablet=\u00a0\u00bb|-5%|||false|false\u00a0\u00bb custom_margin_phone=\u00a0\u00bb|0px|||false|false\u00a0\u00bb custom_margin_last_edited=\u00a0\u00bbon|tablet\u00a0\u00bb border_radii=\u00a0\u00bbon|5px|5px|5px|5px\u00a0\u00bb global_colors_info=\u00a0\u00bb{}\u00a0\u00bb][\/et_pb_image][et_pb_image src=\u00a0\u00bbhttps:\/\/recreation-sete.fr\/wp-content\/uploads\/2025\/07\/planning1.jpg\u00a0\u00bb alt=\u00a0\u00bbplanning cours\u00a0\u00bb title_text=\u00a0\u00bbplanning Re-cr\u00e9ation\u00a0\u00bb _builder_version=\u00a0\u00bb4.27.4&Prime; _module_preset=\u00a0\u00bbdefault\u00a0\u00bb global_colors_info=\u00a0\u00bb{}\u00a0\u00bb][\/et_pb_image][\/et_pb_column][et_pb_column type=\u00a0\u00bb1_3&Prime; _builder_version=\u00a0\u00bb4.24.2&Prime; _module_preset=\u00a0\u00bbdefault\u00a0\u00bb background_color=\u00a0\u00bbgcid-f97cece5-7be8-4f1e-9c80-b24cb8a333b3&Prime; transform_scale_tablet=\u00a0\u00bb\u00a0\u00bb transform_scale_phone=\u00a0\u00bb\u00a0\u00bb transform_scale_last_edited=\u00a0\u00bbon|desktop\u00a0\u00bb transform_translate=\u00a0\u00bb0px|60px\u00a0\u00bb transform_translate_tablet=\u00a0\u00bb0px|0px\u00a0\u00bb transform_translate_phone=\u00a0\u00bb0px|0px\u00a0\u00bb transform_translate_last_edited=\u00a0\u00bbon|desktop\u00a0\u00bb transform_translate_linked=\u00a0\u00bboff\u00a0\u00bb transform_rotate_tablet=\u00a0\u00bb\u00a0\u00bb transform_rotate_phone=\u00a0\u00bb\u00a0\u00bb transform_rotate_last_edited=\u00a0\u00bbon|desktop\u00a0\u00bb transform_skew_tablet=\u00a0\u00bb\u00a0\u00bb transform_skew_phone=\u00a0\u00bb\u00a0\u00bb transform_skew_last_edited=\u00a0\u00bbon|desktop\u00a0\u00bb transform_origin_tablet=\u00a0\u00bb\u00a0\u00bb transform_origin_phone=\u00a0\u00bb\u00a0\u00bb transform_origin_last_edited=\u00a0\u00bbon|desktop\u00a0\u00bb transform_styles_last_edited=\u00a0\u00bbon|desktop\u00a0\u00bb overflow-x=\u00a0\u00bbvisible\u00a0\u00bb overflow-y=\u00a0\u00bbvisible\u00a0\u00bb custom_padding=\u00a0\u00bb10%|||40px|false|false\u00a0\u00bb custom_padding_tablet=\u00a0\u00bb||||true|false\u00a0\u00bb custom_padding_phone=\u00a0\u00bb10px|||10px|false|false\u00a0\u00bb custom_padding_last_edited=\u00a0\u00bbon|desktop\u00a0\u00bb transform_styles_tablet=\u00a0\u00bb\u00a0\u00bb transform_styles_phone=\u00a0\u00bb\u00a0\u00bb border_radii=\u00a0\u00bbon|10px|10px|10px|10px\u00a0\u00bb global_colors_info=\u00a0\u00bb{%22gcid-f97cece5-7be8-4f1e-9c80-b24cb8a333b3%22:%91%22background_color%22%93}\u00a0\u00bb][et_pb_image src=\u00a0\u00bbhttps:\/\/recreation-sete.fr\/wp-content\/uploads\/2025\/07\/clown.webp\u00a0\u00bb alt=\u00a0\u00bbth\u00e9\u00e2tre adulte\u00a0\u00bb title_text=\u00a0\u00bbclown cours\u00a0\u00bb _builder_version=\u00a0\u00bb4.27.4&Prime; _module_preset=\u00a0\u00bbdefault\u00a0\u00bb custom_margin=\u00a0\u00bb|-30px||20px|false|false\u00a0\u00bb custom_margin_tablet=\u00a0\u00bb|-5%|||false|false\u00a0\u00bb custom_margin_phone=\u00a0\u00bb|0px|||false|false\u00a0\u00bb custom_margin_last_edited=\u00a0\u00bbon|tablet\u00a0\u00bb border_radii=\u00a0\u00bbon|5px|5px|5px|5px\u00a0\u00bb global_colors_info=\u00a0\u00bb{}\u00a0\u00bb][\/et_pb_image][et_pb_image src=\u00a0\u00bbhttps:\/\/recreation-sete.fr\/wp-content\/uploads\/2025\/07\/guitares.webp\u00a0\u00bb alt=\u00a0\u00bbcours guitare\u00a0\u00bb title_text=\u00a0\u00bbguitares\u00a0\u00bb _builder_version=\u00a0\u00bb4.27.4&Prime; _module_preset=\u00a0\u00bbdefault\u00a0\u00bb custom_margin=\u00a0\u00bb|-30px||20px|false|false\u00a0\u00bb custom_margin_tablet=\u00a0\u00bb|-5%|||false|false\u00a0\u00bb custom_margin_phone=\u00a0\u00bb|0px|||false|false\u00a0\u00bb custom_margin_last_edited=\u00a0\u00bbon|tablet\u00a0\u00bb border_radii=\u00a0\u00bbon|5px|5px|5px|5px\u00a0\u00bb global_colors_info=\u00a0\u00bb{}\u00a0\u00bb][\/et_pb_image][\/et_pb_column][\/et_pb_row][et_pb_row _builder_version=\u00a0\u00bb4.27.4&Prime; _module_preset=\u00a0\u00bbdefault\u00a0\u00bb global_colors_info=\u00a0\u00bb{}\u00a0\u00bb][et_pb_column type=\u00a0\u00bb4_4&Prime; _builder_version=\u00a0\u00bb4.27.4&Prime; _module_preset=\u00a0\u00bbdefault\u00a0\u00bb global_colors_info=\u00a0\u00bb{}\u00a0\u00bb][et_pb_video src=\u00a0\u00bbhttps:\/\/youtu.be\/V4nW0Rge3qI?si=vxKNHNyADgo-lGXO\u00a0\u00bb _builder_version=\u00a0\u00bb4.27.4&Prime; _module_preset=\u00a0\u00bbdefault\u00a0\u00bb global_colors_info=\u00a0\u00bb{}\u00a0\u00bb][\/et_pb_video][\/et_pb_column][\/et_pb_row][et_pb_row _builder_version=\u00a0\u00bb4.27.4&Prime; _module_preset=\u00a0\u00bbdefault\u00a0\u00bb global_colors_info=\u00a0\u00bb{}\u00a0\u00bb][et_pb_column type=\u00a0\u00bb4_4&Prime; _builder_version=\u00a0\u00bb4.27.4&Prime; _module_preset=\u00a0\u00bbdefault\u00a0\u00bb global_colors_info=\u00a0\u00bb{}\u00a0\u00bb][et_pb_image src=\u00a0\u00bbhttps:\/\/recreation-sete.fr\/wp-content\/uploads\/2025\/07\/DR0_6932-1-scaled.jpg\u00a0\u00bb title_text=\u00a0\u00bbDR0_6932&Prime; _builder_version=\u00a0\u00bb4.27.4&Prime; _module_preset=\u00a0\u00bbdefault\u00a0\u00bb global_colors_info=\u00a0\u00bb{}\u00a0\u00bb][\/et_pb_image][\/et_pb_column][\/et_pb_row][\/et_pb_section][et_pb_section fb_built=\u00a0\u00bb1&Prime; admin_label=\u00a0\u00bbFeatures\u00a0\u00bb _builder_version=\u00a0\u00bb4.21.0&Prime; _module_preset=\u00a0\u00bbdefault\u00a0\u00bb collapsed=\u00a0\u00bbon\u00a0\u00bb global_colors_info=\u00a0\u00bb{}\u00a0\u00bb][et_pb_row column_structure=\u00a0\u00bb1_3,1_3,1_3&Prime; _builder_version=\u00a0\u00bb4.24.2&Prime; _module_preset=\u00a0\u00bbdefault\u00a0\u00bb max_width=\u00a0\u00bb1280px\u00a0\u00bb global_colors_info=\u00a0\u00bb{}\u00a0\u00bb][et_pb_column type=\u00a0\u00bb1_3&Prime; _builder_version=\u00a0\u00bb4.21.0&Prime; _module_preset=\u00a0\u00bbdefault\u00a0\u00bb global_colors_info=\u00a0\u00bb{}\u00a0\u00bb][et_pb_image src=\u00a0\u00bbhttps:\/\/recreation-sete.fr\/wp-content\/uploads\/2025\/04\/photo-profil-insta-FB1.jpg\u00a0\u00bb title_text=\u00a0\u00bbphoto-profil-insta-FB(1)\u00a0\u00bb _builder_version=\u00a0\u00bb4.27.4&Prime; _module_preset=\u00a0\u00bbdefault\u00a0\u00bb max_width=\u00a0\u00bb64px\u00a0\u00bb max_height=\u00a0\u00bb64px\u00a0\u00bb custom_margin=\u00a0\u00bb||20px||false|false\u00a0\u00bb global_colors_info=\u00a0\u00bb{}\u00a0\u00bb][\/et_pb_image][et_pb_text _builder_version=\u00a0\u00bb4.27.4&Prime; _module_preset=\u00a0\u00bbafbbf694-6561-40a2-9481-782f7b0c3263&Prime; global_colors_info=\u00a0\u00bb{}\u00a0\u00bb]<\/p>\n<h3>RE-cr\u00e9er<\/h3>\n<p>[\/et_pb_text][et_pb_text _builder_version=\u00a0\u00bb4.27.4&Prime; _module_preset=\u00a0\u00bb9058952d-b22d-49cc-9d21-d63084881bfb\u00a0\u00bb global_colors_info=\u00a0\u00bb{}\u00a0\u00bb]<\/p>\n<p><span class=\"d_dvt\"><span class=\"d_dfn\">Le fait de re-cr\u00e9er une \u0153uvre, de l&rsquo;\u00e9laborer, de l&rsquo;inventer.<\/span><\/span><\/p>\n<p>[\/et_pb_text][\/et_pb_column][et_pb_column type=\u00a0\u00bb1_3&Prime; _builder_version=\u00a0\u00bb4.21.0&Prime; _module_preset=\u00a0\u00bbdefault\u00a0\u00bb global_colors_info=\u00a0\u00bb{}\u00a0\u00bb][et_pb_image src=\u00a0\u00bbhttps:\/\/recreation-sete.fr\/wp-content\/uploads\/2025\/04\/photo-profil-insta-FB1.jpg\u00a0\u00bb alt=\u00a0\u00bblogo \u00a0\u00bb title_text=\u00a0\u00bbphoto-profil-insta-FB(1)\u00a0\u00bb _builder_version=\u00a0\u00bb4.27.4&Prime; _module_preset=\u00a0\u00bbdefault\u00a0\u00bb max_width=\u00a0\u00bb64px\u00a0\u00bb max_height=\u00a0\u00bb64px\u00a0\u00bb custom_margin=\u00a0\u00bb||20px||false|false\u00a0\u00bb global_colors_info=\u00a0\u00bb{}\u00a0\u00bb][\/et_pb_image][et_pb_text _builder_version=\u00a0\u00bb4.27.4&Prime; _module_preset=\u00a0\u00bbafbbf694-6561-40a2-9481-782f7b0c3263&Prime; global_colors_info=\u00a0\u00bb{}\u00a0\u00bb]<\/p>\n<h3>RE- donner de 0 \u00e0 +<\/h3>\n<p>[\/et_pb_text][et_pb_text _builder_version=\u00a0\u00bb4.24.2&Prime; _module_preset=\u00a0\u00bb9058952d-b22d-49cc-9d21-d63084881bfb\u00a0\u00bb global_colors_info=\u00a0\u00bb{}\u00a0\u00bb]<\/p>\n<p><span class=\" fc-falcon\"><b>Donner<\/b> \u00e0 quelqu&rsquo;un (de), lui fournir la possibilit\u00e9, l&rsquo;occasion de, le mettre dans une situation o\u00f9 il doit ou peut faire quelque chose.<\/span><\/p>\n<p>[\/et_pb_text][\/et_pb_column][et_pb_column type=\u00a0\u00bb1_3&Prime; _builder_version=\u00a0\u00bb4.21.0&Prime; _module_preset=\u00a0\u00bbdefault\u00a0\u00bb global_colors_info=\u00a0\u00bb{}\u00a0\u00bb][et_pb_image src=\u00a0\u00bbhttps:\/\/recreation-sete.fr\/wp-content\/uploads\/2025\/04\/photo-profil-insta-FB1.jpg\u00a0\u00bb title_text=\u00a0\u00bbphoto-profil-insta-FB(1)\u00a0\u00bb _builder_version=\u00a0\u00bb4.27.4&Prime; _module_preset=\u00a0\u00bbdefault\u00a0\u00bb max_width=\u00a0\u00bb64px\u00a0\u00bb max_height=\u00a0\u00bb64px\u00a0\u00bb custom_margin=\u00a0\u00bb||20px||false|false\u00a0\u00bb global_colors_info=\u00a0\u00bb{}\u00a0\u00bb][\/et_pb_image][et_pb_text _builder_version=\u00a0\u00bb4.27.4&Prime; _module_preset=\u00a0\u00bbafbbf694-6561-40a2-9481-782f7b0c3263&Prime; global_colors_info=\u00a0\u00bb{}\u00a0\u00bb]<\/p>\n<h3>RE-d\u00e9finir les styles<\/h3>\n<p>[\/et_pb_text][et_pb_text _builder_version=\u00a0\u00bb4.24.2&Prime; _module_preset=\u00a0\u00bb9058952d-b22d-49cc-9d21-d63084881bfb\u00a0\u00bb global_colors_info=\u00a0\u00bb{}\u00a0\u00bb]<\/p>\n<p><span class=\"d_dfn\">D\u00e9terminer de fa\u00e7on nouvelle.<\/span> <span class=\"d_xpl\">Red\u00e9finir des objectifs et sa vision aux sons, aux genres et aux styles!<\/span><\/p>\n<p>[\/et_pb_text][\/et_pb_column][\/et_pb_row][\/et_pb_section][et_pb_section fb_built=\u00a0\u00bb1&Prime; _builder_version=\u00a0\u00bb4.27.4&Prime; _module_preset=\u00a0\u00bbdefault\u00a0\u00bb global_colors_info=\u00a0\u00bb{}\u00a0\u00bb][et_pb_row _builder_version=\u00a0\u00bb4.27.4&Prime; _module_preset=\u00a0\u00bbdefault\u00a0\u00bb global_colors_info=\u00a0\u00bb{}\u00a0\u00bb][et_pb_column type=\u00a0\u00bb4_4&Prime; _builder_version=\u00a0\u00bb4.27.4&Prime; _module_preset=\u00a0\u00bbdefault\u00a0\u00bb global_colors_info=\u00a0\u00bb{}\u00a0\u00bb][et_pb_text _builder_version=\u00a0\u00bb4.27.4&Prime; _module_preset=\u00a0\u00bbdefault\u00a0\u00bb global_colors_info=\u00a0\u00bb{}\u00a0\u00bb]<\/p>\n<p>La Re-cr\u00e9ation est un lieu d&rsquo;enseignement musical et des arts de la sc\u00e8ne pour tous. Je m&rsquo;appelle Marine Chaboud, je suis artiste lyrique et professeur de chant et n\u00e9e \u00e0 S\u00e8te. J&rsquo;ai souhait\u00e9 ouvrir une structure qui puisse r\u00e9pondre aux besoins de mes \u00e9l\u00e8ves et de leurs proches. C&rsquo;est \u00e0 dire proposer des cours individuels et collectifs pour tous les \u00e2ges, les styles et les niveaux.\u00a0<\/p>\n<p>Tout au long de mon parcours, j&rsquo;ai entendu que la musique \u00ab\u00a0classique\u00a0\u00bb \u00e9tait r\u00e9serv\u00e9e aux classes \u00e9lev\u00e9es. Je crois surtout que si la musique, peu importe d&rsquo;o\u00f9 elle vient est et reste une source de partage alors on peut tous en ressentir les bienfaits. Il suffit d&rsquo;\u00eatre entour\u00e9 de personnes passionn\u00e9es, p\u00e9dagogues et bienveillantes.<\/p>\n<p>Il me semble indispensable de laisser la porte ouverte \u00e0 toutes les personnes qui d\u00e9sirent d\u00e9couvrir la musique par le biais d&rsquo;un instrument , de la voix, de la sc\u00e8ne et du mouvement.\u00a0<\/p>\n<p>Nos cultures diff\u00e9rentes sont la cl\u00e9 d&rsquo;un m\u00e9lange incroyable au niveau des sons, des vibrations et des \u00e9changes humains. L&rsquo;apprentissage peut se faire de plusieurs fa\u00e7ons et nos besoins \u00e9voluent toute notre vie.\u00a0<\/p>\n<p>La qualit\u00e9 de l&rsquo;enseignement est primordiale pour permettre \u00e0 tout \u00e0 chacun d&rsquo;avancer sereinement et en toute confiance.\u00a0<\/p>\n<p>Aussi, je souhaite profond\u00e9ment que La Re-crr\u00e9ation saura vous donner autant de bonheur et de souvenirs intenses que ce que j&rsquo;ai eu la chance de vivre ces 30 derni\u00e8res ann\u00e9es gr\u00e2ce \u00e0 mes professeurs, \u00e0 ma famille et \u00e0 mes amis.\u00a0<\/p>\n<p>Bienvenue!<\/p>\n<p>&nbsp;<\/p>\n<p>[\/et_pb_text][et_pb_button button_url=\u00a0\u00bbhttps:\/\/recreation-sete.fr\/wp-content\/uploads\/2025\/07\/Fiche-inscription-Re-creation-25-26-2.pdf\u00a0\u00bb button_text=\u00a0\u00bbJe veux m&rsquo;inscrire ! \u00a0\u00bb button_alignment=\u00a0\u00bbcenter\u00a0\u00bb _builder_version=\u00a0\u00bb4.27.4&Prime; _module_preset=\u00a0\u00bb5449627d-db24-4018-9106-4bdb80237de7&Prime; locked=\u00a0\u00bboff\u00a0\u00bb global_colors_info=\u00a0\u00bb{}\u00a0\u00bb][\/et_pb_button][\/et_pb_column][\/et_pb_row][\/et_pb_section]<\/p>\n","protected":false},"excerpt":{"rendered":"<p>C&rsquo;est quoi cette structure?RE-CREATION pour tousRE-cr\u00e9erLe fait de re-cr\u00e9er une \u0153uvre, de l&rsquo;\u00e9laborer, de l&rsquo;inventer.RE- donner de 0 \u00e0 +Donner \u00e0 quelqu&rsquo;un (de), lui fournir la possibilit\u00e9, l&rsquo;occasion de, le mettre dans une situation o\u00f9 il doit ou peut faire quelque chose.RE-d\u00e9finir les stylesD\u00e9terminer de fa\u00e7on nouvelle. Red\u00e9finir des objectifs et sa vision aux sons, [&hellip;]<\/p>\n","protected":false},"author":1,"featured_media":0,"parent":0,"menu_order":0,"comment_status":"closed","ping_status":"closed","template":"","meta":{"_et_pb_use_builder":"on","_et_pb_old_content":"","_et_gb_content_width":"","footnotes":""},"class_list":["post-7","page","type-page","status-publish","hentry"],"yoast_head":"<!-- This site is optimized with the Yoast SEO plugin v27.3 - https:\/\/yoast.com\/product\/yoast-seo-wordpress\/ -->\n<title>Accueil - Recreation<\/title>\n<meta name=\"robots\" content=\"index, follow, max-snippet:-1, max-image-preview:large, max-video-preview:-1\" \/>\n<link rel=\"canonical\" href=\"https:\/\/recreation-sete.fr\/\" \/>\n<meta property=\"og:locale\" content=\"fr_FR\" \/>\n<meta property=\"og:type\" content=\"article\" \/>\n<meta property=\"og:title\" content=\"Accueil - Recreation\" \/>\n<meta property=\"og:description\" content=\"C&#039;est quoi cette structure?RE-CREATION pour tousRE-cr\u00e9erLe fait de re-cr\u00e9er une \u0153uvre, de l&#039;\u00e9laborer, de l&#039;inventer.RE- donner de 0 \u00e0 +Donner \u00e0 quelqu&#039;un (de), lui fournir la possibilit\u00e9, l&#039;occasion de, le mettre dans une situation o\u00f9 il doit ou peut faire quelque chose.RE-d\u00e9finir les stylesD\u00e9terminer de fa\u00e7on nouvelle. Red\u00e9finir des objectifs et sa vision aux sons, [&hellip;]\" \/>\n<meta property=\"og:url\" content=\"https:\/\/recreation-sete.fr\/\" \/>\n<meta property=\"og:site_name\" content=\"Recreation\" \/>\n<meta property=\"article:publisher\" content=\"https:\/\/www.facebook.com\/marine.chaboud\" \/>\n<meta property=\"article:modified_time\" content=\"2025-08-30T10:05:17+00:00\" \/>\n<meta name=\"twitter:card\" content=\"summary_large_image\" \/>\n<meta name=\"twitter:label1\" content=\"Dur\u00e9e de lecture estim\u00e9e\" \/>\n\t<meta name=\"twitter:data1\" content=\"4 minutes\" \/>\n<script type=\"application\/ld+json\" class=\"yoast-schema-graph\">{\"@context\":\"https:\\\/\\\/schema.org\",\"@graph\":[{\"@type\":\"WebPage\",\"@id\":\"https:\\\/\\\/recreation-sete.fr\\\/\",\"url\":\"https:\\\/\\\/recreation-sete.fr\\\/\",\"name\":\"Accueil - Recreation\",\"isPartOf\":{\"@id\":\"https:\\\/\\\/recreation-sete.fr\\\/#website\"},\"datePublished\":\"2025-03-14T12:18:59+00:00\",\"dateModified\":\"2025-08-30T10:05:17+00:00\",\"breadcrumb\":{\"@id\":\"https:\\\/\\\/recreation-sete.fr\\\/#breadcrumb\"},\"inLanguage\":\"fr-FR\",\"potentialAction\":[{\"@type\":\"ReadAction\",\"target\":[\"https:\\\/\\\/recreation-sete.fr\\\/\"]}]},{\"@type\":\"BreadcrumbList\",\"@id\":\"https:\\\/\\\/recreation-sete.fr\\\/#breadcrumb\",\"itemListElement\":[{\"@type\":\"ListItem\",\"position\":1,\"name\":\"Accueil\",\"item\":\"https:\\\/\\\/recreation-sete.fr\\\/\"},{\"@type\":\"ListItem\",\"position\":2,\"name\":\"Accueil\"}]},{\"@type\":\"WebSite\",\"@id\":\"https:\\\/\\\/recreation-sete.fr\\\/#website\",\"url\":\"https:\\\/\\\/recreation-sete.fr\\\/\",\"name\":\"Recr\u00e9ation \u00e0 S\u00e9te\",\"description\":\"Structure des Arts Vivants\",\"publisher\":{\"@id\":\"https:\\\/\\\/recreation-sete.fr\\\/#organization\"},\"potentialAction\":[{\"@type\":\"SearchAction\",\"target\":{\"@type\":\"EntryPoint\",\"urlTemplate\":\"https:\\\/\\\/recreation-sete.fr\\\/?s={search_term_string}\"},\"query-input\":{\"@type\":\"PropertyValueSpecification\",\"valueRequired\":true,\"valueName\":\"search_term_string\"}}],\"inLanguage\":\"fr-FR\"},{\"@type\":\"Organization\",\"@id\":\"https:\\\/\\\/recreation-sete.fr\\\/#organization\",\"name\":\"Recr\u00e9ation \u00e0 S\u00e9te\",\"url\":\"https:\\\/\\\/recreation-sete.fr\\\/\",\"logo\":{\"@type\":\"ImageObject\",\"inLanguage\":\"fr-FR\",\"@id\":\"https:\\\/\\\/recreation-sete.fr\\\/#\\\/schema\\\/logo\\\/image\\\/\",\"url\":\"https:\\\/\\\/recreation-sete.fr\\\/wp-content\\\/uploads\\\/2025\\\/03\\\/recreation-logo-300px.png\",\"contentUrl\":\"https:\\\/\\\/recreation-sete.fr\\\/wp-content\\\/uploads\\\/2025\\\/03\\\/recreation-logo-300px.png\",\"width\":301,\"height\":91,\"caption\":\"Recr\u00e9ation \u00e0 S\u00e9te\"},\"image\":{\"@id\":\"https:\\\/\\\/recreation-sete.fr\\\/#\\\/schema\\\/logo\\\/image\\\/\"},\"sameAs\":[\"https:\\\/\\\/www.facebook.com\\\/marine.chaboud\",\"https:\\\/\\\/www.instagram.com\\\/forma_voix\\\/\",\"https:\\\/\\\/www.linkedin.com\\\/in\\\/marine-chaboud-formavoix\\\/\"]}]}<\/script>\n<!-- \/ Yoast SEO plugin. -->","yoast_head_json":{"title":"Accueil - Recreation","robots":{"index":"index","follow":"follow","max-snippet":"max-snippet:-1","max-image-preview":"max-image-preview:large","max-video-preview":"max-video-preview:-1"},"canonical":"https:\/\/recreation-sete.fr\/","og_locale":"fr_FR","og_type":"article","og_title":"Accueil - Recreation","og_description":"C'est quoi cette structure?RE-CREATION pour tousRE-cr\u00e9erLe fait de re-cr\u00e9er une \u0153uvre, de l'\u00e9laborer, de l'inventer.RE- donner de 0 \u00e0 +Donner \u00e0 quelqu'un (de), lui fournir la possibilit\u00e9, l'occasion de, le mettre dans une situation o\u00f9 il doit ou peut faire quelque chose.RE-d\u00e9finir les stylesD\u00e9terminer de fa\u00e7on nouvelle. Red\u00e9finir des objectifs et sa vision aux sons, [&hellip;]","og_url":"https:\/\/recreation-sete.fr\/","og_site_name":"Recreation","article_publisher":"https:\/\/www.facebook.com\/marine.chaboud","article_modified_time":"2025-08-30T10:05:17+00:00","twitter_card":"summary_large_image","twitter_misc":{"Dur\u00e9e de lecture estim\u00e9e":"4 minutes"},"schema":{"@context":"https:\/\/schema.org","@graph":[{"@type":"WebPage","@id":"https:\/\/recreation-sete.fr\/","url":"https:\/\/recreation-sete.fr\/","name":"Accueil - Recreation","isPartOf":{"@id":"https:\/\/recreation-sete.fr\/#website"},"datePublished":"2025-03-14T12:18:59+00:00","dateModified":"2025-08-30T10:05:17+00:00","breadcrumb":{"@id":"https:\/\/recreation-sete.fr\/#breadcrumb"},"inLanguage":"fr-FR","potentialAction":[{"@type":"ReadAction","target":["https:\/\/recreation-sete.fr\/"]}]},{"@type":"BreadcrumbList","@id":"https:\/\/recreation-sete.fr\/#breadcrumb","itemListElement":[{"@type":"ListItem","position":1,"name":"Accueil","item":"https:\/\/recreation-sete.fr\/"},{"@type":"ListItem","position":2,"name":"Accueil"}]},{"@type":"WebSite","@id":"https:\/\/recreation-sete.fr\/#website","url":"https:\/\/recreation-sete.fr\/","name":"Recr\u00e9ation \u00e0 S\u00e9te","description":"Structure des Arts Vivants","publisher":{"@id":"https:\/\/recreation-sete.fr\/#organization"},"potentialAction":[{"@type":"SearchAction","target":{"@type":"EntryPoint","urlTemplate":"https:\/\/recreation-sete.fr\/?s={search_term_string}"},"query-input":{"@type":"PropertyValueSpecification","valueRequired":true,"valueName":"search_term_string"}}],"inLanguage":"fr-FR"},{"@type":"Organization","@id":"https:\/\/recreation-sete.fr\/#organization","name":"Recr\u00e9ation \u00e0 S\u00e9te","url":"https:\/\/recreation-sete.fr\/","logo":{"@type":"ImageObject","inLanguage":"fr-FR","@id":"https:\/\/recreation-sete.fr\/#\/schema\/logo\/image\/","url":"https:\/\/recreation-sete.fr\/wp-content\/uploads\/2025\/03\/recreation-logo-300px.png","contentUrl":"https:\/\/recreation-sete.fr\/wp-content\/uploads\/2025\/03\/recreation-logo-300px.png","width":301,"height":91,"caption":"Recr\u00e9ation \u00e0 S\u00e9te"},"image":{"@id":"https:\/\/recreation-sete.fr\/#\/schema\/logo\/image\/"},"sameAs":["https:\/\/www.facebook.com\/marine.chaboud","https:\/\/www.instagram.com\/forma_voix\/","https:\/\/www.linkedin.com\/in\/marine-chaboud-formavoix\/"]}]}},"_links":{"self":[{"href":"https:\/\/recreation-sete.fr\/index.php\/wp-json\/wp\/v2\/pages\/7","targetHints":{"allow":["GET"]}}],"collection":[{"href":"https:\/\/recreation-sete.fr\/index.php\/wp-json\/wp\/v2\/pages"}],"about":[{"href":"https:\/\/recreation-sete.fr\/index.php\/wp-json\/wp\/v2\/types\/page"}],"author":[{"embeddable":true,"href":"https:\/\/recreation-sete.fr\/index.php\/wp-json\/wp\/v2\/users\/1"}],"replies":[{"embeddable":true,"href":"https:\/\/recreation-sete.fr\/index.php\/wp-json\/wp\/v2\/comments?post=7"}],"version-history":[{"count":42,"href":"https:\/\/recreation-sete.fr\/index.php\/wp-json\/wp\/v2\/pages\/7\/revisions"}],"predecessor-version":[{"id":891,"href":"https:\/\/recreation-sete.fr\/index.php\/wp-json\/wp\/v2\/pages\/7\/revisions\/891"}],"wp:attachment":[{"href":"https:\/\/recreation-sete.fr\/index.php\/wp-json\/wp\/v2\/media?parent=7"}],"curies":[{"name":"wp","href":"https:\/\/api.w.org\/{rel}","templated":true}]}}