{"id":3,"date":"2025-02-27T11:17:35","date_gmt":"2025-02-27T10:17:35","guid":{"rendered":"http:\/\/recreation-sete.fr\/?page_id=3"},"modified":"2025-07-15T14:15:26","modified_gmt":"2025-07-15T12:15:26","slug":"politique-de-confidentialite","status":"publish","type":"page","link":"https:\/\/recreation-sete.fr\/index.php\/politique-de-confidentialite\/","title":{"rendered":"Politique de confidentialit\u00e9"},"content":{"rendered":"\n[et_pb_section fb_built=\u00a0\u00bb1&Prime; admin_label=\u00a0\u00bbsection\u00a0\u00bb _builder_version=\u00a0\u00bb4.16&Prime; global_colors_info=\u00a0\u00bb{}\u00a0\u00bb][et_pb_row _builder_version=\u00a0\u00bb4.27.4&Prime; _module_preset=\u00a0\u00bbdefault\u00a0\u00bb max_width=\u00a0\u00bb100%\u00a0\u00bb module_alignment=\u00a0\u00bbcenter\u00a0\u00bb custom_margin=\u00a0\u00bb0px||0px||false|false\u00a0\u00bb custom_padding=\u00a0\u00bb0px||0px||false|false\u00a0\u00bb global_colors_info=\u00a0\u00bb{}\u00a0\u00bb locked=\u00a0\u00bboff\u00a0\u00bb][et_pb_column type=\u00a0\u00bb4_4&Prime; _builder_version=\u00a0\u00bb4.27.4&Prime; _module_preset=\u00a0\u00bbdefault\u00a0\u00bb global_colors_info=\u00a0\u00bb{}\u00a0\u00bb][et_pb_menu menu_id=\u00a0\u00bb8&Prime; submenu_direction=\u00a0\u00bbdownwards\u00a0\u00bb logo=\u00a0\u00bbhttp:\/\/recreation-sete.fr\/wp-content\/uploads\/2025\/03\/recreation-logo.png\u00a0\u00bb logo_url=\u00a0\u00bbhttps:\/\/recreation-sete.fr\u00a0\u00bb _builder_version=\u00a0\u00bb4.27.4&Prime; _module_preset=\u00a0\u00bbdefault\u00a0\u00bb menu_font=\u00a0\u00bb|600|||||||\u00a0\u00bb menu_font_size=\u00a0\u00bb16px\u00a0\u00bb background_color=\u00a0\u00bbRGBA(255,255,255,0)\u00a0\u00bb text_orientation=\u00a0\u00bbright\u00a0\u00bb custom_margin=\u00a0\u00bb0px||0px||false|false\u00a0\u00bb custom_padding=\u00a0\u00bb50px|50px|50px|50px|false|false\u00a0\u00bb dropdown_menu_animation=\u00a0\u00bbflip\u00a0\u00bb global_colors_info=\u00a0\u00bb{}\u00a0\u00bb][\/et_pb_menu][\/et_pb_column][\/et_pb_row][\/et_pb_section][et_pb_section fb_built=\u00a0\u00bb1&Prime; admin_label=\u00a0\u00bbFeatures\u00a0\u00bb _builder_version=\u00a0\u00bb4.21.0&Prime; _module_preset=\u00a0\u00bbdefault\u00a0\u00bb collapsed=\u00a0\u00bbon\u00a0\u00bb global_colors_info=\u00a0\u00bb{}\u00a0\u00bb][et_pb_row admin_label=\u00a0\u00bbrow\u00a0\u00bb _builder_version=\u00a0\u00bb4.16&Prime; background_size=\u00a0\u00bbinitial\u00a0\u00bb background_position=\u00a0\u00bbtop_left\u00a0\u00bb background_repeat=\u00a0\u00bbrepeat\u00a0\u00bb global_colors_info=\u00a0\u00bb{}\u00a0\u00bb][et_pb_column type=\u00a0\u00bb4_4&Prime; _builder_version=\u00a0\u00bb4.16&Prime; custom_padding=\u00a0\u00bb|||\u00a0\u00bb global_colors_info=\u00a0\u00bb{}\u00a0\u00bb custom_padding__hover=\u00a0\u00bb|||\u00a0\u00bb][et_pb_post_title _builder_version=\u00a0\u00bb4.27.4&Prime; _module_preset=\u00a0\u00bbdefault\u00a0\u00bb hover_enabled=\u00a0\u00bb0&Prime; sticky_enabled=\u00a0\u00bb0&Prime;][\/et_pb_post_title][et_pb_text admin_label=\u00a0\u00bbText\u00a0\u00bb _builder_version=\u00a0\u00bb4.16&Prime; background_size=\u00a0\u00bbinitial\u00a0\u00bb background_position=\u00a0\u00bbtop_left\u00a0\u00bb background_repeat=\u00a0\u00bbrepeat\u00a0\u00bb global_colors_info=\u00a0\u00bb{}\u00a0\u00bb]<section id=\"privacy-policy\"><strong>Derni\u00e8re mise \u00e0 jour :<\/strong> 1\u1d49\u02b3 avril 2025\n<p>&nbsp;<\/p>\n<p>Bienvenue sur le site de l&rsquo;\u00e9cole de musique R\u00e9cr\u00e9ation \u00e0 S\u00e8te. Votre vie priv\u00e9e est une priorit\u00e9 pour nous.<br \/>Cette politique de confidentialit\u00e9 explique quelles informations nous collectons, comment nous les utilisons<br \/>et les prot\u00e9geons, ainsi que vos droits concernant ces informations.<\/p>\n<h2>1. Collecte des Informations<\/h2>\n<p>Nous pouvons collecter les informations suivantes lorsque vous utilisez notre site :<\/p>\n<ul>\n<li><strong>Informations personnelles :<\/strong> Nom, pr\u00e9nom, adresse e-mail, num\u00e9ro de t\u00e9l\u00e9phone, etc., que vous fournissez via nos formulaires.<\/li>\n<li><strong>Donn\u00e9es de navigation :<\/strong> Adresse IP, type de navigateur, pages visit\u00e9es, temps pass\u00e9 sur le site, etc., via les cookies.<\/li>\n<\/ul>\n<h2>2. Utilisation des Informations<\/h2>\n<p>Les donn\u00e9es collect\u00e9es peuvent \u00eatre utilis\u00e9es pour :<\/p>\n<ul>\n<li>R\u00e9pondre \u00e0 vos demandes ou questions<\/li>\n<li>Vous inscrire \u00e0 nos cours ou \u00e9v\u00e9nements<\/li>\n<li>Am\u00e9liorer notre site et nos services<\/li>\n<li>Vous envoyez des communications, si vous y avez consenti<\/li>\n<\/ul>\n<h2>3. Partage des Informations<\/h2>\n<p>Nous ne vendons ni ne louons vos informations personnelles. Certaines donn\u00e9es peuvent \u00eatre partag\u00e9es avec des prestataires de confiance, sous r\u00e9serve de confidentialit\u00e9.<\/p>\n<h2>4. Protection des Informations<\/h2>\n<p>Nous utilisons des mesures de s\u00e9curit\u00e9 adapt\u00e9es pour prot\u00e9ger vos donn\u00e9es contre tout acc\u00e8s non autoris\u00e9 ou toute utilisation abusive.<\/p>\n<h2>5. Vos Droits<\/h2>\n<p>Conform\u00e9ment au RGPD, vous disposez des droits suivants :<\/p>\n<ul>\n<li>Acc\u00e8s \u00e0 vos donn\u00e9es<\/li>\n<li>Rectification de donn\u00e9es inexactes<\/li>\n<li>Suppression de vos donn\u00e9es<\/li>\n<li>Limitation ou opposition au traitement<\/li>\n<li>Portabilit\u00e9 de vos donn\u00e9es<\/li>\n<\/ul>\n<p>Pour exercer ces droits, contactez-nous \u00e0 : <a href=\"mailto:contact@recreation-sete.fr\">contact@recreation-sete.fr<\/a><\/p>\n<h2>6. Cookies<\/h2>\n<p>Notre site utilise des cookies pour am\u00e9liorer votre navigation. Vous pouvez configurer votre navigateur pour les refuser. Certaines fonctionnalit\u00e9s pourraient alors ne pas fonctionner correctement.<\/p>\n<h2>7. Liens Externes<\/h2>\n<p>Notre site peut contenir des liens vers des sites tiers. Nous ne sommes pas responsables de leurs pratiques en mati\u00e8re de confidentialit\u00e9.<\/p>\n<h2>8. Modifications de la Politique<\/h2>\n<p>Cette politique peut \u00eatre mise \u00e0 jour. Nous vous invitons \u00e0 la consulter r\u00e9guli\u00e8rement.<\/p>\n<h2>9. Contact<\/h2>\n<p>\u00c9cole de musique R\u00e9cr\u00e9ation S\u00e8te<br \/>[Adresse postale]<br \/><a href=\"mailto:contact@recreation-sete.fr\">contact@recreation-sete.fr<\/a><br \/>[Num\u00e9ro de t\u00e9l\u00e9phone]<\/p>\n<\/section>[\/et_pb_text][\/et_pb_column][\/et_pb_row][\/et_pb_section][et_pb_section fb_built=\u00a0\u00bb1&Prime; admin_label=\u00a0\u00bbFooter\u00a0\u00bb _builder_version=\u00a0\u00bb4.24.2&Prime; _module_preset=\u00a0\u00bbdefault\u00a0\u00bb hover_enabled=\u00a0\u00bb0&Prime; saved_tabs=\u00a0\u00bball\u00a0\u00bb locked=\u00a0\u00bboff\u00a0\u00bb collapsed=\u00a0\u00bbon\u00a0\u00bb global_colors_info=\u00a0\u00bb{}\u00a0\u00bb sticky_enabled=\u00a0\u00bb0&Prime;][et_pb_row column_structure=\u00a0\u00bb1_2,1_2&Prime; _builder_version=\u00a0\u00bb4.27.4&Prime; _module_preset=\u00a0\u00bbdefault\u00a0\u00bb max_width=\u00a0\u00bb1280px\u00a0\u00bb global_colors_info=\u00a0\u00bb{}\u00a0\u00bb][et_pb_column type=\u00a0\u00bb1_2&Prime; _builder_version=\u00a0\u00bb4.21.0&Prime; _module_preset=\u00a0\u00bbdefault\u00a0\u00bb global_colors_info=\u00a0\u00bb{}\u00a0\u00bb][et_pb_text _builder_version=\u00a0\u00bb4.27.4&Prime; _module_preset=\u00a0\u00bbcb3394c5-69f6-4f15-a122-e9c793f79b04&Prime; text_text_color=\u00a0\u00bb#000000&Prime; global_colors_info=\u00a0\u00bb{}\u00a0\u00bb]<h4>Ici, on apprend, on cr\u00e9e, on joue. Que vous soyez d\u00e9butant\u00b7e ou musicien\u00b7ne confirm\u00e9\u00b7e, notre \u00e9cole vous accompagne \u00e0 votre rythme, dans une ambiance conviviale et dynamique. Instruments, chant, MAO\u2026 venez faire vibrer votre passion avec nous !<\/h4>[\/et_pb_text][et_pb_social_media_follow icon_color=\u00a0\u00bb#000000&Prime; _builder_version=\u00a0\u00bb4.27.4&Prime; _module_preset=\u00a0\u00bbdefault\u00a0\u00bb global_colors_info=\u00a0\u00bb{}\u00a0\u00bb][et_pb_social_media_follow_network social_network=\u00a0\u00bbfacebook\u00a0\u00bb url=\u00a0\u00bbhttps:\/\/www.facebook.com\/marine.chaboud\u00a0\u00bb _builder_version=\u00a0\u00bb4.27.4&Prime; _module_preset=\u00a0\u00bbdefault\u00a0\u00bb global_colors_info=\u00a0\u00bb{}\u00a0\u00bb follow_button=\u00a0\u00bboff\u00a0\u00bb url_new_window=\u00a0\u00bbon\u00a0\u00bb]facebook[\/et_pb_social_media_follow_network][et_pb_social_media_follow_network social_network=\u00a0\u00bbinstagram\u00a0\u00bb url=\u00a0\u00bbhttps:\/\/www.instagram.com\/marinechaboud\/\u00a0\u00bb _builder_version=\u00a0\u00bb4.27.4&Prime; _module_preset=\u00a0\u00bbdefault\u00a0\u00bb global_colors_info=\u00a0\u00bb{}\u00a0\u00bb follow_button=\u00a0\u00bboff\u00a0\u00bb url_new_window=\u00a0\u00bbon\u00a0\u00bb]instagram[\/et_pb_social_media_follow_network][et_pb_social_media_follow_network social_network=\u00a0\u00bblinkedin\u00a0\u00bb url=\u00a0\u00bbhttps:\/\/www.linkedin.com\/in\/marine-chaboud-formavoix\/\u00a0\u00bb _builder_version=\u00a0\u00bb4.27.4&Prime; _module_preset=\u00a0\u00bbdefault\u00a0\u00bb background_color=\u00a0\u00bbRGBA(255,255,255,0)\u00a0\u00bb background_enable_color=\u00a0\u00bbon\u00a0\u00bb global_colors_info=\u00a0\u00bb{}\u00a0\u00bb follow_button=\u00a0\u00bboff\u00a0\u00bb url_new_window=\u00a0\u00bbon\u00a0\u00bb]linkedin[\/et_pb_social_media_follow_network][\/et_pb_social_media_follow][\/et_pb_column][et_pb_column type=\u00a0\u00bb1_2&Prime; _builder_version=\u00a0\u00bb4.21.0&Prime; _module_preset=\u00a0\u00bbdefault\u00a0\u00bb global_colors_info=\u00a0\u00bb{}\u00a0\u00bb][et_pb_text _builder_version=\u00a0\u00bb4.24.2&Prime; _module_preset=\u00a0\u00bb5fdb0d70-0809-4f06-86ef-0a6a354fcd01&Prime; text_text_color=\u00a0\u00bb#000000&Prime; link_text_color=\u00a0\u00bb#000000&Prime; custom_margin=\u00a0\u00bb||10px||false|false\u00a0\u00bb global_colors_info=\u00a0\u00bb{}\u00a0\u00bb]<p><a href=\"#\">Courses<\/a><\/p>[\/et_pb_text][et_pb_text _builder_version=\u00a0\u00bb4.24.2&Prime; _module_preset=\u00a0\u00bb5fdb0d70-0809-4f06-86ef-0a6a354fcd01&Prime; text_text_color=\u00a0\u00bb#000000&Prime; link_text_color=\u00a0\u00bb#000000&Prime; custom_margin=\u00a0\u00bb||10px||false|false\u00a0\u00bb global_colors_info=\u00a0\u00bb{}\u00a0\u00bb]<a href=\"#\">Pricing<\/a>[\/et_pb_text][et_pb_text _builder_version=\u00a0\u00bb4.24.2&Prime; _module_preset=\u00a0\u00bb5fdb0d70-0809-4f06-86ef-0a6a354fcd01&Prime; text_text_color=\u00a0\u00bb#000000&Prime; link_text_color=\u00a0\u00bb#000000&Prime; custom_margin=\u00a0\u00bb||10px||false|false\u00a0\u00bb global_colors_info=\u00a0\u00bb{}\u00a0\u00bb]<a href=\"#\">Memberships<\/a>[\/et_pb_text][et_pb_text _builder_version=\u00a0\u00bb4.24.2&Prime; _module_preset=\u00a0\u00bb5fdb0d70-0809-4f06-86ef-0a6a354fcd01&Prime; text_text_color=\u00a0\u00bb#000000&Prime; link_text_color=\u00a0\u00bb#000000&Prime; custom_margin=\u00a0\u00bb||10px||false|false\u00a0\u00bb global_colors_info=\u00a0\u00bb{}\u00a0\u00bb]<a href=\"#\">Instructors<\/a>[\/et_pb_text][et_pb_text _builder_version=\u00a0\u00bb4.24.2&Prime; _module_preset=\u00a0\u00bb5fdb0d70-0809-4f06-86ef-0a6a354fcd01&Prime; text_text_color=\u00a0\u00bb#000000&Prime; link_text_color=\u00a0\u00bb#000000&Prime; custom_margin=\u00a0\u00bb||10px||false|false\u00a0\u00bb global_colors_info=\u00a0\u00bb{}\u00a0\u00bb]<p><a href=\"#\">Mobile App<\/a><\/p>[\/et_pb_text][\/et_pb_column][\/et_pb_row][et_pb_row _builder_version=\u00a0\u00bb4.24.2&Prime; _module_preset=\u00a0\u00bbdefault\u00a0\u00bb max_width=\u00a0\u00bb1280px\u00a0\u00bb custom_padding=\u00a0\u00bb10px||10px||true|false\u00a0\u00bb border_color_all=\u00a0\u00bb#000000&Prime; border_width_top=\u00a0\u00bb1px\u00a0\u00bb global_colors_info=\u00a0\u00bb{}\u00a0\u00bb][et_pb_column type=\u00a0\u00bb4_4&Prime; _builder_version=\u00a0\u00bb4.21.0&Prime; _module_preset=\u00a0\u00bbdefault\u00a0\u00bb global_colors_info=\u00a0\u00bb{}\u00a0\u00bb][et_pb_text _builder_version=\u00a0\u00bb4.27.4&Prime; _module_preset=\u00a0\u00bb5fdb0d70-0809-4f06-86ef-0a6a354fcd01&Prime; text_text_color=\u00a0\u00bb#000000&Prime; text_orientation=\u00a0\u00bbcenter\u00a0\u00bb global_colors_info=\u00a0\u00bb{}\u00a0\u00bb]<div class=\"footer-text\">\n<p style=\"text-align: center;\">\u00a9 2025 <a title=\"Too Cute Design.\" href=\"http:\/\/www.toocute.fr\/\" data-title=\"Too Cute Design.\">Ang\u00e9lique JAILLON &#8211; Too Cute Design<\/a> | <a href=\"http:\/\/www.marinechaboud-naturopathie.com\/index.php\/mentions-legales\/\">Mentions l\u00e9gales<\/a> | <a href=\"https:\/\/recreation-sete.fr\/index.php\/politique-de-confidentialite\/\" target=\"_blank\" rel=\"noopener\">Politique de confidentialit\u00e9<\/a><\/p>\n<p style=\"text-align: center;\">N\u00b0 Siret 82813695200029 &#8211; Enseignement culturel<\/p>\n<p style=\"text-align: center;\">Je vous invite \u00e0 d\u00e9couvrir mes activit\u00e9s : <a href=\"http:\/\/www.marinechaboud-naturopathie.com\/\">La Naturopathie<\/a>, et la branche Artistique, par <a href=\"https:\/\/www.marine-chaboud.fr\">ici !<\/a><\/p>\n<\/div>[\/et_pb_text][\/et_pb_column][\/et_pb_row][\/et_pb_section]\n","protected":false},"excerpt":{"rendered":"<p>Derni\u00e8re mise \u00e0 jour : 1\u1d49\u02b3 avril 2025 &nbsp; Bienvenue sur le site de l&rsquo;\u00e9cole de musique R\u00e9cr\u00e9ation \u00e0 S\u00e8te. Votre vie priv\u00e9e est une priorit\u00e9 pour nous.Cette politique de confidentialit\u00e9 explique quelles informations nous collectons, comment nous les utilisonset les prot\u00e9geons, ainsi que vos droits concernant ces informations. 1. Collecte des Informations Nous pouvons [&hellip;]<\/p>\n","protected":false},"author":1,"featured_media":0,"parent":0,"menu_order":0,"comment_status":"closed","ping_status":"open","template":"page-template-blank.php","meta":{"_et_pb_use_builder":"on","_et_pb_old_content":"<section id=\"privacy-policy\"><strong>Derni\u00e8re mise \u00e0 jour :<\/strong> 1\u1d49\u02b3 avril 2025\n\nBienvenue sur le site de l'\u00e9cole de musique R\u00e9cr\u00e9ation \u00e0 S\u00e8te. Votre vie priv\u00e9e est une priorit\u00e9 pour nous.\nCette politique de confidentialit\u00e9 explique quelles informations nous collectons, comment nous les utilisons\net les prot\u00e9geons, ainsi que vos droits concernant ces informations.\n<h2>1. Collecte des Informations<\/h2>\nNous pouvons collecter les informations suivantes lorsque vous utilisez notre site :\n<ul>\n \t<li><strong>Informations personnelles :<\/strong> Nom, pr\u00e9nom, adresse e-mail, num\u00e9ro de t\u00e9l\u00e9phone, etc., que vous fournissez via nos formulaires.<\/li>\n \t<li><strong>Donn\u00e9es de navigation :<\/strong> Adresse IP, type de navigateur, pages visit\u00e9es, temps pass\u00e9 sur le site, etc., via les cookies.<\/li>\n<\/ul>\n<h2>2. Utilisation des Informations<\/h2>\nLes donn\u00e9es collect\u00e9es peuvent \u00eatre utilis\u00e9es pour :\n<ul>\n \t<li>R\u00e9pondre \u00e0 vos demandes ou questions<\/li>\n \t<li>Vous inscrire \u00e0 nos cours ou \u00e9v\u00e9nements<\/li>\n \t<li>Am\u00e9liorer notre site et nos services<\/li>\n \t<li>Vous envoyer des communications, si vous y avez consenti<\/li>\n<\/ul>\n<h2>3. Partage des Informations<\/h2>\nNous ne vendons ni ne louons vos informations personnelles. Certaines donn\u00e9es peuvent \u00eatre partag\u00e9es avec des prestataires de confiance, sous r\u00e9serve de confidentialit\u00e9.\n<h2>4. Protection des Informations<\/h2>\nNous utilisons des mesures de s\u00e9curit\u00e9 adapt\u00e9es pour prot\u00e9ger vos donn\u00e9es contre tout acc\u00e8s non autoris\u00e9 ou toute utilisation abusive.\n<h2>5. Vos Droits<\/h2>\nConform\u00e9ment au RGPD, vous disposez des droits suivants :\n<ul>\n \t<li>Acc\u00e8s \u00e0 vos donn\u00e9es<\/li>\n \t<li>Rectification de donn\u00e9es inexactes<\/li>\n \t<li>Suppression de vos donn\u00e9es<\/li>\n \t<li>Limitation ou opposition au traitement<\/li>\n \t<li>Portabilit\u00e9 de vos donn\u00e9es<\/li>\n<\/ul>\nPour exercer ces droits, contactez-nous \u00e0 : <a href=\"mailto:contact@recreation-sete.fr\">contact@recreation-sete.fr<\/a>\n<h2>6. Cookies<\/h2>\nNotre site utilise des cookies pour am\u00e9liorer votre navigation. Vous pouvez configurer votre navigateur pour les refuser. Certaines fonctionnalit\u00e9s pourraient alors ne pas fonctionner correctement.\n<h2>7. Liens Externes<\/h2>\nNotre site peut contenir des liens vers des sites tiers. Nous ne sommes pas responsables de leurs pratiques en mati\u00e8re de confidentialit\u00e9.\n<h2>8. Modifications de la Politique<\/h2>\nCette politique peut \u00eatre mise \u00e0 jour. Nous vous invitons \u00e0 la consulter r\u00e9guli\u00e8rement.\n<h2>9. Contact<\/h2>\n\u00c9cole de musique R\u00e9cr\u00e9ation S\u00e8te\n[Adresse postale]\n<a href=\"mailto:contact@recreation-sete.fr\">contact@recreation-sete.fr<\/a>\n[Num\u00e9ro de t\u00e9l\u00e9phone]\n\n<\/section>","_et_gb_content_width":"1080","footnotes":""},"class_list":["post-3","page","type-page","status-publish","hentry"],"yoast_head":"<!-- This site is optimized with the Yoast SEO plugin v27.3 - https:\/\/yoast.com\/product\/yoast-seo-wordpress\/ -->\n<title>Politique de confidentialit\u00e9 - Recreation<\/title>\n<meta name=\"description\" content=\"Politique de confidentialit\u00e9 de la structure la Re-cr\u00e9ation.\" \/>\n<meta name=\"robots\" content=\"index, follow, max-snippet:-1, max-image-preview:large, max-video-preview:-1\" \/>\n<link rel=\"canonical\" href=\"https:\/\/recreation-sete.fr\/index.php\/politique-de-confidentialite\/\" \/>\n<meta property=\"og:locale\" content=\"fr_FR\" \/>\n<meta property=\"og:type\" content=\"article\" \/>\n<meta property=\"og:title\" content=\"Politique de confidentialit\u00e9 - Recreation\" \/>\n<meta property=\"og:description\" content=\"Politique de confidentialit\u00e9 de la structure la Re-cr\u00e9ation.\" \/>\n<meta property=\"og:url\" content=\"https:\/\/recreation-sete.fr\/index.php\/politique-de-confidentialite\/\" \/>\n<meta property=\"og:site_name\" content=\"Recreation\" \/>\n<meta property=\"article:publisher\" content=\"https:\/\/www.facebook.com\/marine.chaboud\" \/>\n<meta property=\"article:modified_time\" content=\"2025-07-15T12:15:26+00:00\" \/>\n<meta name=\"twitter:card\" content=\"summary_large_image\" \/>\n<meta name=\"twitter:label1\" content=\"Dur\u00e9e de lecture estim\u00e9e\" \/>\n\t<meta name=\"twitter:data1\" content=\"3 minutes\" \/>\n<script type=\"application\/ld+json\" class=\"yoast-schema-graph\">{\"@context\":\"https:\\\/\\\/schema.org\",\"@graph\":[{\"@type\":\"WebPage\",\"@id\":\"https:\\\/\\\/recreation-sete.fr\\\/index.php\\\/politique-de-confidentialite\\\/\",\"url\":\"https:\\\/\\\/recreation-sete.fr\\\/index.php\\\/politique-de-confidentialite\\\/\",\"name\":\"Politique de confidentialit\u00e9 - Recreation\",\"isPartOf\":{\"@id\":\"https:\\\/\\\/recreation-sete.fr\\\/#website\"},\"datePublished\":\"2025-02-27T10:17:35+00:00\",\"dateModified\":\"2025-07-15T12:15:26+00:00\",\"description\":\"Politique de confidentialit\u00e9 de la structure la Re-cr\u00e9ation.\",\"breadcrumb\":{\"@id\":\"https:\\\/\\\/recreation-sete.fr\\\/index.php\\\/politique-de-confidentialite\\\/#breadcrumb\"},\"inLanguage\":\"fr-FR\",\"potentialAction\":[{\"@type\":\"ReadAction\",\"target\":[\"https:\\\/\\\/recreation-sete.fr\\\/index.php\\\/politique-de-confidentialite\\\/\"]}]},{\"@type\":\"BreadcrumbList\",\"@id\":\"https:\\\/\\\/recreation-sete.fr\\\/index.php\\\/politique-de-confidentialite\\\/#breadcrumb\",\"itemListElement\":[{\"@type\":\"ListItem\",\"position\":1,\"name\":\"Accueil\",\"item\":\"https:\\\/\\\/recreation-sete.fr\\\/\"},{\"@type\":\"ListItem\",\"position\":2,\"name\":\"Politique de confidentialit\u00e9\"}]},{\"@type\":\"WebSite\",\"@id\":\"https:\\\/\\\/recreation-sete.fr\\\/#website\",\"url\":\"https:\\\/\\\/recreation-sete.fr\\\/\",\"name\":\"Recr\u00e9ation \u00e0 S\u00e9te\",\"description\":\"Structure des Arts Vivants\",\"publisher\":{\"@id\":\"https:\\\/\\\/recreation-sete.fr\\\/#organization\"},\"potentialAction\":[{\"@type\":\"SearchAction\",\"target\":{\"@type\":\"EntryPoint\",\"urlTemplate\":\"https:\\\/\\\/recreation-sete.fr\\\/?s={search_term_string}\"},\"query-input\":{\"@type\":\"PropertyValueSpecification\",\"valueRequired\":true,\"valueName\":\"search_term_string\"}}],\"inLanguage\":\"fr-FR\"},{\"@type\":\"Organization\",\"@id\":\"https:\\\/\\\/recreation-sete.fr\\\/#organization\",\"name\":\"Recr\u00e9ation \u00e0 S\u00e9te\",\"url\":\"https:\\\/\\\/recreation-sete.fr\\\/\",\"logo\":{\"@type\":\"ImageObject\",\"inLanguage\":\"fr-FR\",\"@id\":\"https:\\\/\\\/recreation-sete.fr\\\/#\\\/schema\\\/logo\\\/image\\\/\",\"url\":\"https:\\\/\\\/recreation-sete.fr\\\/wp-content\\\/uploads\\\/2025\\\/03\\\/recreation-logo-300px.png\",\"contentUrl\":\"https:\\\/\\\/recreation-sete.fr\\\/wp-content\\\/uploads\\\/2025\\\/03\\\/recreation-logo-300px.png\",\"width\":301,\"height\":91,\"caption\":\"Recr\u00e9ation \u00e0 S\u00e9te\"},\"image\":{\"@id\":\"https:\\\/\\\/recreation-sete.fr\\\/#\\\/schema\\\/logo\\\/image\\\/\"},\"sameAs\":[\"https:\\\/\\\/www.facebook.com\\\/marine.chaboud\",\"https:\\\/\\\/www.instagram.com\\\/forma_voix\\\/\",\"https:\\\/\\\/www.linkedin.com\\\/in\\\/marine-chaboud-formavoix\\\/\"]}]}<\/script>\n<!-- \/ Yoast SEO plugin. -->","yoast_head_json":{"title":"Politique de confidentialit\u00e9 - Recreation","description":"Politique de confidentialit\u00e9 de la structure la Re-cr\u00e9ation.","robots":{"index":"index","follow":"follow","max-snippet":"max-snippet:-1","max-image-preview":"max-image-preview:large","max-video-preview":"max-video-preview:-1"},"canonical":"https:\/\/recreation-sete.fr\/index.php\/politique-de-confidentialite\/","og_locale":"fr_FR","og_type":"article","og_title":"Politique de confidentialit\u00e9 - Recreation","og_description":"Politique de confidentialit\u00e9 de la structure la Re-cr\u00e9ation.","og_url":"https:\/\/recreation-sete.fr\/index.php\/politique-de-confidentialite\/","og_site_name":"Recreation","article_publisher":"https:\/\/www.facebook.com\/marine.chaboud","article_modified_time":"2025-07-15T12:15:26+00:00","twitter_card":"summary_large_image","twitter_misc":{"Dur\u00e9e de lecture estim\u00e9e":"3 minutes"},"schema":{"@context":"https:\/\/schema.org","@graph":[{"@type":"WebPage","@id":"https:\/\/recreation-sete.fr\/index.php\/politique-de-confidentialite\/","url":"https:\/\/recreation-sete.fr\/index.php\/politique-de-confidentialite\/","name":"Politique de confidentialit\u00e9 - Recreation","isPartOf":{"@id":"https:\/\/recreation-sete.fr\/#website"},"datePublished":"2025-02-27T10:17:35+00:00","dateModified":"2025-07-15T12:15:26+00:00","description":"Politique de confidentialit\u00e9 de la structure la Re-cr\u00e9ation.","breadcrumb":{"@id":"https:\/\/recreation-sete.fr\/index.php\/politique-de-confidentialite\/#breadcrumb"},"inLanguage":"fr-FR","potentialAction":[{"@type":"ReadAction","target":["https:\/\/recreation-sete.fr\/index.php\/politique-de-confidentialite\/"]}]},{"@type":"BreadcrumbList","@id":"https:\/\/recreation-sete.fr\/index.php\/politique-de-confidentialite\/#breadcrumb","itemListElement":[{"@type":"ListItem","position":1,"name":"Accueil","item":"https:\/\/recreation-sete.fr\/"},{"@type":"ListItem","position":2,"name":"Politique de confidentialit\u00e9"}]},{"@type":"WebSite","@id":"https:\/\/recreation-sete.fr\/#website","url":"https:\/\/recreation-sete.fr\/","name":"Recr\u00e9ation \u00e0 S\u00e9te","description":"Structure des Arts Vivants","publisher":{"@id":"https:\/\/recreation-sete.fr\/#organization"},"potentialAction":[{"@type":"SearchAction","target":{"@type":"EntryPoint","urlTemplate":"https:\/\/recreation-sete.fr\/?s={search_term_string}"},"query-input":{"@type":"PropertyValueSpecification","valueRequired":true,"valueName":"search_term_string"}}],"inLanguage":"fr-FR"},{"@type":"Organization","@id":"https:\/\/recreation-sete.fr\/#organization","name":"Recr\u00e9ation \u00e0 S\u00e9te","url":"https:\/\/recreation-sete.fr\/","logo":{"@type":"ImageObject","inLanguage":"fr-FR","@id":"https:\/\/recreation-sete.fr\/#\/schema\/logo\/image\/","url":"https:\/\/recreation-sete.fr\/wp-content\/uploads\/2025\/03\/recreation-logo-300px.png","contentUrl":"https:\/\/recreation-sete.fr\/wp-content\/uploads\/2025\/03\/recreation-logo-300px.png","width":301,"height":91,"caption":"Recr\u00e9ation \u00e0 S\u00e9te"},"image":{"@id":"https:\/\/recreation-sete.fr\/#\/schema\/logo\/image\/"},"sameAs":["https:\/\/www.facebook.com\/marine.chaboud","https:\/\/www.instagram.com\/forma_voix\/","https:\/\/www.linkedin.com\/in\/marine-chaboud-formavoix\/"]}]}},"_links":{"self":[{"href":"https:\/\/recreation-sete.fr\/index.php\/wp-json\/wp\/v2\/pages\/3","targetHints":{"allow":["GET"]}}],"collection":[{"href":"https:\/\/recreation-sete.fr\/index.php\/wp-json\/wp\/v2\/pages"}],"about":[{"href":"https:\/\/recreation-sete.fr\/index.php\/wp-json\/wp\/v2\/types\/page"}],"author":[{"embeddable":true,"href":"https:\/\/recreation-sete.fr\/index.php\/wp-json\/wp\/v2\/users\/1"}],"replies":[{"embeddable":true,"href":"https:\/\/recreation-sete.fr\/index.php\/wp-json\/wp\/v2\/comments?post=3"}],"version-history":[{"count":12,"href":"https:\/\/recreation-sete.fr\/index.php\/wp-json\/wp\/v2\/pages\/3\/revisions"}],"predecessor-version":[{"id":667,"href":"https:\/\/recreation-sete.fr\/index.php\/wp-json\/wp\/v2\/pages\/3\/revisions\/667"}],"wp:attachment":[{"href":"https:\/\/recreation-sete.fr\/index.php\/wp-json\/wp\/v2\/media?parent=3"}],"curies":[{"name":"wp","href":"https:\/\/api.w.org\/{rel}","templated":true}]}}