{"id":158,"date":"2025-04-07T16:37:32","date_gmt":"2025-04-07T14:37:32","guid":{"rendered":"https:\/\/recreation-sete.fr\/?page_id=158"},"modified":"2026-01-02T18:42:39","modified_gmt":"2026-01-02T17:42:39","slug":"l-equipe","status":"publish","type":"page","link":"https:\/\/recreation-sete.fr\/index.php\/l-equipe\/","title":{"rendered":"L&rsquo;\u00e9quipe"},"content":{"rendered":"<p>[et_pb_section fb_built=\u00a0\u00bb1&Prime; admin_label=\u00a0\u00bbHeader\u00a0\u00bb _builder_version=\u00a0\u00bb4.22.0&Prime; _module_preset=\u00a0\u00bbdefault\u00a0\u00bb custom_padding=\u00a0\u00bb||0px||false|false\u00a0\u00bb locked=\u00a0\u00bboff\u00a0\u00bb collapsed=\u00a0\u00bbon\u00a0\u00bb global_colors_info=\u00a0\u00bb{}\u00a0\u00bb][et_pb_row _builder_version=\u00a0\u00bb4.22.0&Prime; _module_preset=\u00a0\u00bbdefault\u00a0\u00bb max_width=\u00a0\u00bb1280px\u00a0\u00bb global_colors_info=\u00a0\u00bb{}\u00a0\u00bb][et_pb_column type=\u00a0\u00bb4_4&Prime; _builder_version=\u00a0\u00bb4.22.0&Prime; _module_preset=\u00a0\u00bbdefault\u00a0\u00bb global_colors_info=\u00a0\u00bb{}\u00a0\u00bb][et_pb_text _builder_version=\u00a0\u00bb4.24.2&Prime; _module_preset=\u00a0\u00bb5ecf3a57-9d40-4a38-a6d0-597a6f08fa2a\u00a0\u00bb global_colors_info=\u00a0\u00bb{%22gcid-f97cece5-7be8-4f1e-9c80-b24cb8a333b3%22:%91%22header_4_text_color%22%93}\u00a0\u00bb]<\/p>\n<h4>Courses<\/h4>\n<p>[\/et_pb_text][et_pb_text _builder_version=\u00a0\u00bb4.27.4&Prime; _module_preset=\u00a0\u00bb8209ddfa-d1f6-49ec-a3da-543510bb8b6e\u00a0\u00bb global_colors_info=\u00a0\u00bb{}\u00a0\u00bb]<\/p>\n<h1>L&rsquo;\u00e9quipe<\/h1>\n<p>[\/et_pb_text][et_pb_button button_url=\u00a0\u00bbmailto:contact@recreation-sete.fr\u00a0\u00bb button_text=\u00a0\u00bbPrenez contact aupr\u00e8s de notre \u00e9quipe!\u00a0\u00bb _builder_version=\u00a0\u00bb4.27.4&Prime; _module_preset=\u00a0\u00bb5449627d-db24-4018-9106-4bdb80237de7&Prime; global_colors_info=\u00a0\u00bb{}\u00a0\u00bb][\/et_pb_button][et_pb_text _builder_version=\u00a0\u00bb4.24.2&Prime; _module_preset=\u00a0\u00bb3e434661-c6f1-4727-93a0-27bf9e44e540&Prime; text_orientation=\u00a0\u00bbcenter\u00a0\u00bb max_width=\u00a0\u00bb800px\u00a0\u00bb module_alignment=\u00a0\u00bbcenter\u00a0\u00bb global_colors_info=\u00a0\u00bb{}\u00a0\u00bb]<\/p>\n<p>Pr\u00e9sentation d&rsquo;une \u00e9quipe d&rsquo;artistes et p\u00e9dagogues qui sauront vous accompagner avec la banane!!!\u00a0<\/p>\n<p>[\/et_pb_text][\/et_pb_column][\/et_pb_row][\/et_pb_section][et_pb_section fb_built=\u00a0\u00bb1&Prime; admin_label=\u00a0\u00bbCouse Categories\u00a0\u00bb _builder_version=\u00a0\u00bb4.22.0&Prime; _module_preset=\u00a0\u00bbdefault\u00a0\u00bb collapsed=\u00a0\u00bbon\u00a0\u00bb global_colors_info=\u00a0\u00bb{}\u00a0\u00bb][et_pb_row column_structure=\u00a0\u00bb1_2,1_2&Prime; _builder_version=\u00a0\u00bb4.27.4&Prime; _module_preset=\u00a0\u00bbdefault\u00a0\u00bb max_width=\u00a0\u00bb1280px\u00a0\u00bb locked=\u00a0\u00bboff\u00a0\u00bb global_colors_info=\u00a0\u00bb{}\u00a0\u00bb][et_pb_column type=\u00a0\u00bb1_2&Prime; _builder_version=\u00a0\u00bb4.22.0&Prime; _module_preset=\u00a0\u00bbdefault\u00a0\u00bb background_color=\u00a0\u00bb#FFFFFF\u00a0\u00bb custom_padding=\u00a0\u00bb|30px|30px|30px|false|true\u00a0\u00bb border_radii=\u00a0\u00bbon|10px|10px|10px|10px\u00a0\u00bb box_shadow_style=\u00a0\u00bbpreset4&Prime; box_shadow_horizontal=\u00a0\u00bb0px\u00a0\u00bb box_shadow_vertical=\u00a0\u00bb60px\u00a0\u00bb box_shadow_blur=\u00a0\u00bb90px\u00a0\u00bb box_shadow_color=\u00a0\u00bbrgba(0,0,0,0.08)\u00a0\u00bb global_colors_info=\u00a0\u00bb{}\u00a0\u00bb][et_pb_image src=\u00a0\u00bbhttps:\/\/recreation-sete.fr\/wp-content\/uploads\/2025\/07\/DR0_6957-scaled.jpg\u00a0\u00bb alt=\u00a0\u00bbchant bouche\u00a0\u00bb title_text=\u00a0\u00bbDR0_6957&Prime; _builder_version=\u00a0\u00bb4.27.4&Prime; _module_preset=\u00a0\u00bbdefault\u00a0\u00bb custom_margin=\u00a0\u00bb|-30px||-30px|false|true\u00a0\u00bb global_colors_info=\u00a0\u00bb{%22gcid-ea6a34b7-3964-4bb3-9ab0-b3684573f27e%22:%91%22background_color%22%93}\u00a0\u00bb][\/et_pb_image][et_pb_text _builder_version=\u00a0\u00bb4.27.4&Prime; _module_preset=\u00a0\u00bb5d340662-f401-42fb-bbdd-342c5259d4b8&Prime; custom_margin=\u00a0\u00bb||0px||false|false\u00a0\u00bb global_colors_info=\u00a0\u00bb{}\u00a0\u00bb]<\/p>\n<h3 style=\"text-align: center;\">Marine Chaboud<\/h3>\n<p>[\/et_pb_text][et_pb_text _builder_version=\u00a0\u00bb4.27.4&Prime; _module_preset=\u00a0\u00bb32361f97-6c24-48f5-8eaf-604b457d3339&Prime; custom_margin=\u00a0\u00bb||0px||false|false\u00a0\u00bb global_colors_info=\u00a0\u00bb{}\u00a0\u00bb]<\/p>\n<p style=\"text-align: center;\">Professeur de chant<\/p>\n<p>[\/et_pb_text][et_pb_button _builder_version=\u00a0\u00bb4.27.4&Prime; _module_preset=\u00a0\u00bb120c5f06-fa6f-4e9c-a801-da568142f6e6&Prime; global_colors_info=\u00a0\u00bb{}\u00a0\u00bb][\/et_pb_button][et_pb_button button_url=\u00a0\u00bbhttps:\/\/www.marine-chaboud.fr\/\u00a0\u00bb button_text=\u00a0\u00bbBio\u00a0\u00bb button_alignment=\u00a0\u00bbcenter\u00a0\u00bb _builder_version=\u00a0\u00bb4.27.4&Prime; _module_preset=\u00a0\u00bb5449627d-db24-4018-9106-4bdb80237de7&Prime; locked=\u00a0\u00bboff\u00a0\u00bb global_colors_info=\u00a0\u00bb{}\u00a0\u00bb][\/et_pb_button][et_pb_button button_url=\u00a0\u00bbhttps:\/\/recreation-sete.fr\/wp-content\/uploads\/2025\/07\/Fiche-inscription-Re-creation-25-26-2.pdf\u00a0\u00bb button_text=\u00a0\u00bbJe veux m&rsquo;inscrire ! \u00a0\u00bb button_alignment=\u00a0\u00bbcenter\u00a0\u00bb _builder_version=\u00a0\u00bb4.27.4&Prime; _module_preset=\u00a0\u00bb5449627d-db24-4018-9106-4bdb80237de7&Prime; locked=\u00a0\u00bboff\u00a0\u00bb global_colors_info=\u00a0\u00bb{}\u00a0\u00bb][\/et_pb_button][\/et_pb_column][et_pb_column type=\u00a0\u00bb1_2&Prime; _builder_version=\u00a0\u00bb4.22.0&Prime; _module_preset=\u00a0\u00bbdefault\u00a0\u00bb background_color=\u00a0\u00bb#FFFFFF\u00a0\u00bb custom_padding=\u00a0\u00bb|30px|30px|30px|false|true\u00a0\u00bb border_radii=\u00a0\u00bbon|10px|10px|10px|10px\u00a0\u00bb box_shadow_style=\u00a0\u00bbpreset4&Prime; box_shadow_horizontal=\u00a0\u00bb0px\u00a0\u00bb box_shadow_vertical=\u00a0\u00bb60px\u00a0\u00bb box_shadow_blur=\u00a0\u00bb90px\u00a0\u00bb box_shadow_color=\u00a0\u00bbrgba(0,0,0,0.08)\u00a0\u00bb global_colors_info=\u00a0\u00bb{}\u00a0\u00bb][et_pb_image src=\u00a0\u00bbhttps:\/\/recreation-sete.fr\/wp-content\/uploads\/2025\/07\/geraldine.jpg\u00a0\u00bb alt=\u00a0\u00bbguitare\u00a0\u00bb title_text=\u00a0\u00bbgeraldine\u00a0\u00bb _builder_version=\u00a0\u00bb4.27.4&Prime; _module_preset=\u00a0\u00bbdefault\u00a0\u00bb custom_margin=\u00a0\u00bb|-30px||-30px|false|true\u00a0\u00bb locked=\u00a0\u00bboff\u00a0\u00bb global_colors_info=\u00a0\u00bb{%22gcid-ea6a34b7-3964-4bb3-9ab0-b3684573f27e%22:%91%22background_color%22%93}\u00a0\u00bb][\/et_pb_image][et_pb_text _builder_version=\u00a0\u00bb4.27.4&Prime; _module_preset=\u00a0\u00bb5d340662-f401-42fb-bbdd-342c5259d4b8&Prime; custom_margin=\u00a0\u00bb||0px||false|false\u00a0\u00bb global_colors_info=\u00a0\u00bb{}\u00a0\u00bb]<\/p>\n<h3 style=\"text-align: center;\">G\u00e9raldine Agostini<\/h3>\n<p>[\/et_pb_text][et_pb_text _builder_version=\u00a0\u00bb4.27.4&Prime; _module_preset=\u00a0\u00bb32361f97-6c24-48f5-8eaf-604b457d3339&Prime; custom_margin=\u00a0\u00bb||0px||false|false\u00a0\u00bb global_colors_info=\u00a0\u00bb{}\u00a0\u00bb]<\/p>\n<p style=\"text-align: center;\">Direction de choeur et professeur de comedie musicale<\/p>\n<p>[\/et_pb_text][et_pb_button _builder_version=\u00a0\u00bb4.27.4&Prime; _module_preset=\u00a0\u00bb120c5f06-fa6f-4e9c-a801-da568142f6e6&Prime; global_colors_info=\u00a0\u00bb{}\u00a0\u00bb][\/et_pb_button][et_pb_button button_url=\u00a0\u00bbhttps:\/\/geraldineagostini.weebly.com\u00a0\u00bb button_text=\u00a0\u00bbBio\u00a0\u00bb button_alignment=\u00a0\u00bbcenter\u00a0\u00bb _builder_version=\u00a0\u00bb4.27.4&Prime; _module_preset=\u00a0\u00bb5449627d-db24-4018-9106-4bdb80237de7&Prime; locked=\u00a0\u00bboff\u00a0\u00bb global_colors_info=\u00a0\u00bb{}\u00a0\u00bb][\/et_pb_button][et_pb_button button_url=\u00a0\u00bbhttps:\/\/recreation-sete.fr\/wp-content\/uploads\/2025\/07\/Fiche-inscription-Re-creation-25-26-2.pdf\u00a0\u00bb button_text=\u00a0\u00bbJe veux m&rsquo;inscrire ! \u00a0\u00bb button_alignment=\u00a0\u00bbcenter\u00a0\u00bb _builder_version=\u00a0\u00bb4.27.4&Prime; _module_preset=\u00a0\u00bb5449627d-db24-4018-9106-4bdb80237de7&Prime; locked=\u00a0\u00bboff\u00a0\u00bb global_colors_info=\u00a0\u00bb{}\u00a0\u00bb][\/et_pb_button][\/et_pb_column][\/et_pb_row][et_pb_row column_structure=\u00a0\u00bb1_2,1_2&Prime; _builder_version=\u00a0\u00bb4.27.4&Prime; _module_preset=\u00a0\u00bbdefault\u00a0\u00bb max_width=\u00a0\u00bb1280px\u00a0\u00bb locked=\u00a0\u00bboff\u00a0\u00bb global_colors_info=\u00a0\u00bb{}\u00a0\u00bb][et_pb_column type=\u00a0\u00bb1_2&Prime; _builder_version=\u00a0\u00bb4.22.0&Prime; _module_preset=\u00a0\u00bbdefault\u00a0\u00bb background_color=\u00a0\u00bb#FFFFFF\u00a0\u00bb custom_padding=\u00a0\u00bb|30px|30px|30px|false|true\u00a0\u00bb border_radii=\u00a0\u00bbon|10px|10px|10px|10px\u00a0\u00bb box_shadow_style=\u00a0\u00bbpreset4&Prime; box_shadow_horizontal=\u00a0\u00bb0px\u00a0\u00bb box_shadow_vertical=\u00a0\u00bb60px\u00a0\u00bb box_shadow_blur=\u00a0\u00bb90px\u00a0\u00bb box_shadow_color=\u00a0\u00bbrgba(0,0,0,0.08)\u00a0\u00bb global_colors_info=\u00a0\u00bb{}\u00a0\u00bb][et_pb_image src=\u00a0\u00bbhttps:\/\/recreation-sete.fr\/wp-content\/uploads\/2025\/07\/sylvain.jpg\u00a0\u00bb alt=\u00a0\u00bbchant bouche\u00a0\u00bb title_text=\u00a0\u00bbsylvain bottet\u00a0\u00bb _builder_version=\u00a0\u00bb4.27.4&Prime; _module_preset=\u00a0\u00bbdefault\u00a0\u00bb custom_margin=\u00a0\u00bb|-30px||-30px|false|true\u00a0\u00bb global_colors_info=\u00a0\u00bb{%22gcid-ea6a34b7-3964-4bb3-9ab0-b3684573f27e%22:%91%22background_color%22%93}\u00a0\u00bb][\/et_pb_image][et_pb_text _builder_version=\u00a0\u00bb4.27.4&Prime; _module_preset=\u00a0\u00bb5d340662-f401-42fb-bbdd-342c5259d4b8&Prime; custom_margin=\u00a0\u00bb||0px||false|false\u00a0\u00bb global_colors_info=\u00a0\u00bb{}\u00a0\u00bb]<\/p>\n<h3 style=\"text-align: center;\">Sylvain Bottet<\/h3>\n<p>[\/et_pb_text][et_pb_text _builder_version=\u00a0\u00bb4.27.4&Prime; _module_preset=\u00a0\u00bb32361f97-6c24-48f5-8eaf-604b457d3339&Prime; custom_margin=\u00a0\u00bb||0px||false|false\u00a0\u00bb global_colors_info=\u00a0\u00bb{}\u00a0\u00bb]<\/p>\n<p style=\"text-align: center;\">Professeur de piano<\/p>\n<p>[\/et_pb_text][et_pb_button _builder_version=\u00a0\u00bb4.27.4&Prime; _module_preset=\u00a0\u00bb120c5f06-fa6f-4e9c-a801-da568142f6e6&Prime; global_colors_info=\u00a0\u00bb{}\u00a0\u00bb][\/et_pb_button][et_pb_button button_url=\u00a0\u00bbhttps:\/\/recreation-sete.fr\/wp-content\/uploads\/2025\/07\/CV-Sylvain-Bottet.pdf\u00a0\u00bb button_text=\u00a0\u00bbBio\u00a0\u00bb button_alignment=\u00a0\u00bbcenter\u00a0\u00bb _builder_version=\u00a0\u00bb4.27.4&Prime; _module_preset=\u00a0\u00bb5449627d-db24-4018-9106-4bdb80237de7&Prime; locked=\u00a0\u00bboff\u00a0\u00bb global_colors_info=\u00a0\u00bb{}\u00a0\u00bb][\/et_pb_button][et_pb_button button_url=\u00a0\u00bbhttps:\/\/recreation-sete.fr\/wp-content\/uploads\/2025\/07\/Fiche-inscription-Re-creation-25-26-2.pdf\u00a0\u00bb button_text=\u00a0\u00bbJe veux m&rsquo;inscrire ! \u00a0\u00bb button_alignment=\u00a0\u00bbcenter\u00a0\u00bb _builder_version=\u00a0\u00bb4.27.4&Prime; _module_preset=\u00a0\u00bb5449627d-db24-4018-9106-4bdb80237de7&Prime; locked=\u00a0\u00bboff\u00a0\u00bb global_colors_info=\u00a0\u00bb{}\u00a0\u00bb][\/et_pb_button][\/et_pb_column][et_pb_column type=\u00a0\u00bb1_2&Prime; _builder_version=\u00a0\u00bb4.22.0&Prime; _module_preset=\u00a0\u00bbdefault\u00a0\u00bb background_color=\u00a0\u00bb#FFFFFF\u00a0\u00bb custom_padding=\u00a0\u00bb|30px|30px|30px|false|true\u00a0\u00bb border_radii=\u00a0\u00bbon|10px|10px|10px|10px\u00a0\u00bb box_shadow_style=\u00a0\u00bbpreset4&Prime; box_shadow_horizontal=\u00a0\u00bb0px\u00a0\u00bb box_shadow_vertical=\u00a0\u00bb60px\u00a0\u00bb box_shadow_blur=\u00a0\u00bb90px\u00a0\u00bb box_shadow_color=\u00a0\u00bbrgba(0,0,0,0.08)\u00a0\u00bb global_colors_info=\u00a0\u00bb{}\u00a0\u00bb][et_pb_image src=\u00a0\u00bbhttps:\/\/recreation-sete.fr\/wp-content\/uploads\/2026\/01\/Celle-qui-me-parle1-scaled.jpg\u00a0\u00bb title_text=\u00a0\u00bbCelle qui me parle(1)\u00a0\u00bb _builder_version=\u00a0\u00bb4.27.4&Prime; _module_preset=\u00a0\u00bbdefault\u00a0\u00bb global_colors_info=\u00a0\u00bb{}\u00a0\u00bb][\/et_pb_image][et_pb_text _builder_version=\u00a0\u00bb4.27.4&Prime; _module_preset=\u00a0\u00bb5d340662-f401-42fb-bbdd-342c5259d4b8&Prime; custom_margin=\u00a0\u00bb||0px||false|false\u00a0\u00bb global_colors_info=\u00a0\u00bb{}\u00a0\u00bb]<\/p>\n<h3 style=\"text-align: center;\"><strong>L\u00e9na Vassiliu<\/strong><\/h3>\n<p>[\/et_pb_text][et_pb_text _builder_version=\u00a0\u00bb4.27.4&Prime; _module_preset=\u00a0\u00bb32361f97-6c24-48f5-8eaf-604b457d3339&Prime; custom_margin=\u00a0\u00bb||0px||false|false\u00a0\u00bb global_colors_info=\u00a0\u00bb{}\u00a0\u00bb]<\/p>\n<p style=\"text-align: center;\">Eveil musical et instrumental<\/p>\n<p>[\/et_pb_text][et_pb_button button_text=\u00a0\u00bbBio\u00a0\u00bb button_alignment=\u00a0\u00bbcenter\u00a0\u00bb _builder_version=\u00a0\u00bb4.27.4&Prime; _module_preset=\u00a0\u00bb5449627d-db24-4018-9106-4bdb80237de7&Prime; hover_enabled=\u00a0\u00bb0&Prime; locked=\u00a0\u00bboff\u00a0\u00bb global_colors_info=\u00a0\u00bb{}\u00a0\u00bb button_url=\u00a0\u00bbhttp:\/\/recreation-sete.fr\/wp-content\/uploads\/2026\/01\/PDF-Proposition-de-projet-Eveil-musical-1-1.pdf\u00a0\u00bb sticky_enabled=\u00a0\u00bb0&Prime;][\/et_pb_button][et_pb_button button_url=\u00a0\u00bbhttps:\/\/recreation-sete.fr\/wp-content\/uploads\/2025\/07\/Fiche-inscription-Re-creation-25-26-2.pdf\u00a0\u00bb button_text=\u00a0\u00bbJe veux m&rsquo;inscrire ! \u00a0\u00bb button_alignment=\u00a0\u00bbcenter\u00a0\u00bb _builder_version=\u00a0\u00bb4.27.4&Prime; _module_preset=\u00a0\u00bb5449627d-db24-4018-9106-4bdb80237de7&Prime; locked=\u00a0\u00bboff\u00a0\u00bb global_colors_info=\u00a0\u00bb{}\u00a0\u00bb][\/et_pb_button][\/et_pb_column][\/et_pb_row][\/et_pb_section]<\/p>\n","protected":false},"excerpt":{"rendered":"<p>CoursesL&rsquo;\u00e9quipePr\u00e9sentation d&rsquo;une \u00e9quipe d&rsquo;artistes et p\u00e9dagogues qui sauront vous accompagner avec la banane!!!\u00a0Marine ChaboudProfesseur de chantG\u00e9raldine AgostiniDirection de choeur et professeur de comedie musicaleSylvain BottetProfesseur de pianoL\u00e9na VassiliuEveil musical et instrumental<\/p>\n","protected":false},"author":1,"featured_media":0,"parent":0,"menu_order":0,"comment_status":"closed","ping_status":"closed","template":"","meta":{"_et_pb_use_builder":"on","_et_pb_old_content":"","_et_gb_content_width":"","footnotes":""},"class_list":["post-158","page","type-page","status-publish","hentry"],"yoast_head":"<!-- This site is optimized with the Yoast SEO plugin v27.3 - https:\/\/yoast.com\/product\/yoast-seo-wordpress\/ -->\n<title>L&#039;\u00e9quipe - Recreation<\/title>\n<meta name=\"robots\" content=\"index, follow, max-snippet:-1, max-image-preview:large, max-video-preview:-1\" \/>\n<link rel=\"canonical\" href=\"https:\/\/recreation-sete.fr\/index.php\/l-equipe\/\" \/>\n<meta property=\"og:locale\" content=\"fr_FR\" \/>\n<meta property=\"og:type\" content=\"article\" \/>\n<meta property=\"og:title\" content=\"L&#039;\u00e9quipe - Recreation\" \/>\n<meta property=\"og:description\" content=\"CoursesL&#039;\u00e9quipePr\u00e9sentation d&#039;une \u00e9quipe d&#039;artistes et p\u00e9dagogues qui sauront vous accompagner avec la banane!!!\u00a0Marine ChaboudProfesseur de chantG\u00e9raldine AgostiniDirection de choeur et professeur de comedie musicaleSylvain BottetProfesseur de pianoL\u00e9na VassiliuEveil musical et instrumental\" \/>\n<meta property=\"og:url\" content=\"https:\/\/recreation-sete.fr\/index.php\/l-equipe\/\" \/>\n<meta property=\"og:site_name\" content=\"Recreation\" \/>\n<meta property=\"article:publisher\" content=\"https:\/\/www.facebook.com\/marine.chaboud\" \/>\n<meta property=\"article:modified_time\" content=\"2026-01-02T17:42:39+00:00\" \/>\n<meta name=\"twitter:card\" content=\"summary_large_image\" \/>\n<meta name=\"twitter:label1\" content=\"Dur\u00e9e de lecture estim\u00e9e\" \/>\n\t<meta name=\"twitter:data1\" content=\"3 minutes\" \/>\n<script type=\"application\/ld+json\" class=\"yoast-schema-graph\">{\"@context\":\"https:\\\/\\\/schema.org\",\"@graph\":[{\"@type\":\"WebPage\",\"@id\":\"https:\\\/\\\/recreation-sete.fr\\\/index.php\\\/l-equipe\\\/\",\"url\":\"https:\\\/\\\/recreation-sete.fr\\\/index.php\\\/l-equipe\\\/\",\"name\":\"L'\u00e9quipe - Recreation\",\"isPartOf\":{\"@id\":\"https:\\\/\\\/recreation-sete.fr\\\/#website\"},\"datePublished\":\"2025-04-07T14:37:32+00:00\",\"dateModified\":\"2026-01-02T17:42:39+00:00\",\"breadcrumb\":{\"@id\":\"https:\\\/\\\/recreation-sete.fr\\\/index.php\\\/l-equipe\\\/#breadcrumb\"},\"inLanguage\":\"fr-FR\",\"potentialAction\":[{\"@type\":\"ReadAction\",\"target\":[\"https:\\\/\\\/recreation-sete.fr\\\/index.php\\\/l-equipe\\\/\"]}]},{\"@type\":\"BreadcrumbList\",\"@id\":\"https:\\\/\\\/recreation-sete.fr\\\/index.php\\\/l-equipe\\\/#breadcrumb\",\"itemListElement\":[{\"@type\":\"ListItem\",\"position\":1,\"name\":\"Accueil\",\"item\":\"https:\\\/\\\/recreation-sete.fr\\\/\"},{\"@type\":\"ListItem\",\"position\":2,\"name\":\"L&rsquo;\u00e9quipe\"}]},{\"@type\":\"WebSite\",\"@id\":\"https:\\\/\\\/recreation-sete.fr\\\/#website\",\"url\":\"https:\\\/\\\/recreation-sete.fr\\\/\",\"name\":\"Recr\u00e9ation \u00e0 S\u00e9te\",\"description\":\"Structure des Arts Vivants\",\"publisher\":{\"@id\":\"https:\\\/\\\/recreation-sete.fr\\\/#organization\"},\"potentialAction\":[{\"@type\":\"SearchAction\",\"target\":{\"@type\":\"EntryPoint\",\"urlTemplate\":\"https:\\\/\\\/recreation-sete.fr\\\/?s={search_term_string}\"},\"query-input\":{\"@type\":\"PropertyValueSpecification\",\"valueRequired\":true,\"valueName\":\"search_term_string\"}}],\"inLanguage\":\"fr-FR\"},{\"@type\":\"Organization\",\"@id\":\"https:\\\/\\\/recreation-sete.fr\\\/#organization\",\"name\":\"Recr\u00e9ation \u00e0 S\u00e9te\",\"url\":\"https:\\\/\\\/recreation-sete.fr\\\/\",\"logo\":{\"@type\":\"ImageObject\",\"inLanguage\":\"fr-FR\",\"@id\":\"https:\\\/\\\/recreation-sete.fr\\\/#\\\/schema\\\/logo\\\/image\\\/\",\"url\":\"https:\\\/\\\/recreation-sete.fr\\\/wp-content\\\/uploads\\\/2025\\\/03\\\/recreation-logo-300px.png\",\"contentUrl\":\"https:\\\/\\\/recreation-sete.fr\\\/wp-content\\\/uploads\\\/2025\\\/03\\\/recreation-logo-300px.png\",\"width\":301,\"height\":91,\"caption\":\"Recr\u00e9ation \u00e0 S\u00e9te\"},\"image\":{\"@id\":\"https:\\\/\\\/recreation-sete.fr\\\/#\\\/schema\\\/logo\\\/image\\\/\"},\"sameAs\":[\"https:\\\/\\\/www.facebook.com\\\/marine.chaboud\",\"https:\\\/\\\/www.instagram.com\\\/forma_voix\\\/\",\"https:\\\/\\\/www.linkedin.com\\\/in\\\/marine-chaboud-formavoix\\\/\"]}]}<\/script>\n<!-- \/ Yoast SEO plugin. -->","yoast_head_json":{"title":"L'\u00e9quipe - Recreation","robots":{"index":"index","follow":"follow","max-snippet":"max-snippet:-1","max-image-preview":"max-image-preview:large","max-video-preview":"max-video-preview:-1"},"canonical":"https:\/\/recreation-sete.fr\/index.php\/l-equipe\/","og_locale":"fr_FR","og_type":"article","og_title":"L'\u00e9quipe - Recreation","og_description":"CoursesL'\u00e9quipePr\u00e9sentation d'une \u00e9quipe d'artistes et p\u00e9dagogues qui sauront vous accompagner avec la banane!!!\u00a0Marine ChaboudProfesseur de chantG\u00e9raldine AgostiniDirection de choeur et professeur de comedie musicaleSylvain BottetProfesseur de pianoL\u00e9na VassiliuEveil musical et instrumental","og_url":"https:\/\/recreation-sete.fr\/index.php\/l-equipe\/","og_site_name":"Recreation","article_publisher":"https:\/\/www.facebook.com\/marine.chaboud","article_modified_time":"2026-01-02T17:42:39+00:00","twitter_card":"summary_large_image","twitter_misc":{"Dur\u00e9e de lecture estim\u00e9e":"3 minutes"},"schema":{"@context":"https:\/\/schema.org","@graph":[{"@type":"WebPage","@id":"https:\/\/recreation-sete.fr\/index.php\/l-equipe\/","url":"https:\/\/recreation-sete.fr\/index.php\/l-equipe\/","name":"L'\u00e9quipe - Recreation","isPartOf":{"@id":"https:\/\/recreation-sete.fr\/#website"},"datePublished":"2025-04-07T14:37:32+00:00","dateModified":"2026-01-02T17:42:39+00:00","breadcrumb":{"@id":"https:\/\/recreation-sete.fr\/index.php\/l-equipe\/#breadcrumb"},"inLanguage":"fr-FR","potentialAction":[{"@type":"ReadAction","target":["https:\/\/recreation-sete.fr\/index.php\/l-equipe\/"]}]},{"@type":"BreadcrumbList","@id":"https:\/\/recreation-sete.fr\/index.php\/l-equipe\/#breadcrumb","itemListElement":[{"@type":"ListItem","position":1,"name":"Accueil","item":"https:\/\/recreation-sete.fr\/"},{"@type":"ListItem","position":2,"name":"L&rsquo;\u00e9quipe"}]},{"@type":"WebSite","@id":"https:\/\/recreation-sete.fr\/#website","url":"https:\/\/recreation-sete.fr\/","name":"Recr\u00e9ation \u00e0 S\u00e9te","description":"Structure des Arts Vivants","publisher":{"@id":"https:\/\/recreation-sete.fr\/#organization"},"potentialAction":[{"@type":"SearchAction","target":{"@type":"EntryPoint","urlTemplate":"https:\/\/recreation-sete.fr\/?s={search_term_string}"},"query-input":{"@type":"PropertyValueSpecification","valueRequired":true,"valueName":"search_term_string"}}],"inLanguage":"fr-FR"},{"@type":"Organization","@id":"https:\/\/recreation-sete.fr\/#organization","name":"Recr\u00e9ation \u00e0 S\u00e9te","url":"https:\/\/recreation-sete.fr\/","logo":{"@type":"ImageObject","inLanguage":"fr-FR","@id":"https:\/\/recreation-sete.fr\/#\/schema\/logo\/image\/","url":"https:\/\/recreation-sete.fr\/wp-content\/uploads\/2025\/03\/recreation-logo-300px.png","contentUrl":"https:\/\/recreation-sete.fr\/wp-content\/uploads\/2025\/03\/recreation-logo-300px.png","width":301,"height":91,"caption":"Recr\u00e9ation \u00e0 S\u00e9te"},"image":{"@id":"https:\/\/recreation-sete.fr\/#\/schema\/logo\/image\/"},"sameAs":["https:\/\/www.facebook.com\/marine.chaboud","https:\/\/www.instagram.com\/forma_voix\/","https:\/\/www.linkedin.com\/in\/marine-chaboud-formavoix\/"]}]}},"_links":{"self":[{"href":"https:\/\/recreation-sete.fr\/index.php\/wp-json\/wp\/v2\/pages\/158","targetHints":{"allow":["GET"]}}],"collection":[{"href":"https:\/\/recreation-sete.fr\/index.php\/wp-json\/wp\/v2\/pages"}],"about":[{"href":"https:\/\/recreation-sete.fr\/index.php\/wp-json\/wp\/v2\/types\/page"}],"author":[{"embeddable":true,"href":"https:\/\/recreation-sete.fr\/index.php\/wp-json\/wp\/v2\/users\/1"}],"replies":[{"embeddable":true,"href":"https:\/\/recreation-sete.fr\/index.php\/wp-json\/wp\/v2\/comments?post=158"}],"version-history":[{"count":50,"href":"https:\/\/recreation-sete.fr\/index.php\/wp-json\/wp\/v2\/pages\/158\/revisions"}],"predecessor-version":[{"id":1003,"href":"https:\/\/recreation-sete.fr\/index.php\/wp-json\/wp\/v2\/pages\/158\/revisions\/1003"}],"wp:attachment":[{"href":"https:\/\/recreation-sete.fr\/index.php\/wp-json\/wp\/v2\/media?parent=158"}],"curies":[{"name":"wp","href":"https:\/\/api.w.org\/{rel}","templated":true}]}}