{"id":119,"date":"2025-04-07T16:14:15","date_gmt":"2025-04-07T14:14:15","guid":{"rendered":"https:\/\/recreation-sete.fr\/?page_id=119"},"modified":"2025-07-28T16:38:00","modified_gmt":"2025-07-28T14:38:00","slug":"la-structure","status":"publish","type":"page","link":"https:\/\/recreation-sete.fr\/index.php\/la-structure\/","title":{"rendered":"La Structure"},"content":{"rendered":"<p>[et_pb_section fb_built=\u00a0\u00bb1&Prime; admin_label=\u00a0\u00bbHeader\u00a0\u00bb _builder_version=\u00a0\u00bb4.22.0&Prime; _module_preset=\u00a0\u00bbdefault\u00a0\u00bb custom_padding=\u00a0\u00bb||0px||false|false\u00a0\u00bb locked=\u00a0\u00bboff\u00a0\u00bb collapsed=\u00a0\u00bbon\u00a0\u00bb global_colors_info=\u00a0\u00bb{}\u00a0\u00bb][et_pb_row _builder_version=\u00a0\u00bb4.22.0&Prime; _module_preset=\u00a0\u00bbdefault\u00a0\u00bb max_width=\u00a0\u00bb1280px\u00a0\u00bb global_colors_info=\u00a0\u00bb{}\u00a0\u00bb][et_pb_column type=\u00a0\u00bb4_4&Prime; _builder_version=\u00a0\u00bb4.22.0&Prime; _module_preset=\u00a0\u00bbdefault\u00a0\u00bb global_colors_info=\u00a0\u00bb{}\u00a0\u00bb][et_pb_text _builder_version=\u00a0\u00bb4.27.4&Prime; _module_preset=\u00a0\u00bb5ecf3a57-9d40-4a38-a6d0-597a6f08fa2a\u00a0\u00bb global_colors_info=\u00a0\u00bb{%22gcid-f97cece5-7be8-4f1e-9c80-b24cb8a333b3%22:%91%22header_4_text_color%22%93}\u00a0\u00bb]<\/p>\n<h4>Sous titre<\/h4>\n<p>[\/et_pb_text][et_pb_text _builder_version=\u00a0\u00bb4.24.2&Prime; _module_preset=\u00a0\u00bb8209ddfa-d1f6-49ec-a3da-543510bb8b6e\u00a0\u00bb global_colors_info=\u00a0\u00bb{}\u00a0\u00bb]<\/p>\n<h1>La structure<\/h1>\n<p>[\/et_pb_text][et_pb_text _builder_version=\u00a0\u00bb4.24.2&Prime; _module_preset=\u00a0\u00bb3e434661-c6f1-4727-93a0-27bf9e44e540&Prime; text_orientation=\u00a0\u00bbcenter\u00a0\u00bb max_width=\u00a0\u00bb800px\u00a0\u00bb module_alignment=\u00a0\u00bbcenter\u00a0\u00bb global_colors_info=\u00a0\u00bb{}\u00a0\u00bb]<\/p>\n<p>La Re-cr\u00e9ation est un lieu d&rsquo;enseignement conviviale, adapt\u00e9 \u00e0 tous les niveaux, les \u00e2ges et les styles. La diff\u00e9rence fait la richesse de nos \u00e9changes!<\/p>\n<p>[\/et_pb_text][\/et_pb_column][\/et_pb_row][\/et_pb_section][et_pb_section fb_built=\u00a0\u00bb1&Prime; admin_label=\u00a0\u00bbFeatures\u00a0\u00bb _builder_version=\u00a0\u00bb4.21.0&Prime; _module_preset=\u00a0\u00bbdefault\u00a0\u00bb locked=\u00a0\u00bboff\u00a0\u00bb collapsed=\u00a0\u00bbon\u00a0\u00bb global_colors_info=\u00a0\u00bb{}\u00a0\u00bb][et_pb_row column_structure=\u00a0\u00bb1_3,1_3,1_3&Prime; _builder_version=\u00a0\u00bb4.24.2&Prime; _module_preset=\u00a0\u00bbdefault\u00a0\u00bb max_width=\u00a0\u00bb1280px\u00a0\u00bb global_colors_info=\u00a0\u00bb{}\u00a0\u00bb][et_pb_column type=\u00a0\u00bb1_3&Prime; _builder_version=\u00a0\u00bb4.21.0&Prime; _module_preset=\u00a0\u00bbdefault\u00a0\u00bb global_colors_info=\u00a0\u00bb{}\u00a0\u00bb][et_pb_image src=\u00a0\u00bbhttps:\/\/recreation-sete.fr\/wp-content\/uploads\/2025\/07\/ages.webp\u00a0\u00bb alt=\u00a0\u00bbmusique pour tous les \u00e2ges\u00a0\u00bb title_text=\u00a0\u00bb\u00e2ges\u00a0\u00bb _builder_version=\u00a0\u00bb4.27.4&Prime; _module_preset=\u00a0\u00bbdefault\u00a0\u00bb max_width=\u00a0\u00bb64px\u00a0\u00bb max_height=\u00a0\u00bb64px\u00a0\u00bb custom_margin=\u00a0\u00bb||20px||false|false\u00a0\u00bb global_colors_info=\u00a0\u00bb{}\u00a0\u00bb][\/et_pb_image][et_pb_text _builder_version=\u00a0\u00bb4.27.4&Prime; _module_preset=\u00a0\u00bb75824bb6-158e-4461-afe4-dd45e6f3bb70&Prime; global_colors_info=\u00a0\u00bb{}\u00a0\u00bb]<\/p>\n<h3>Les \u00e2ges<\/h3>\n<p>[\/et_pb_text][et_pb_text _builder_version=\u00a0\u00bb4.24.2&Prime; _module_preset=\u00a0\u00bb8d1d9634-14cc-40c4-9898-a955ff15acc5&Prime; custom_padding=\u00a0\u00bb||0px|||\u00a0\u00bb global_colors_info=\u00a0\u00bb{}\u00a0\u00bb]<\/p>\n<p>Tous les cours sont adapt\u00e9s en fonction de votre \u00e2ge, que ce soit pour les touts petits, les enfants, les ados, les adultes et les seniors!<\/p>\n<p>[\/et_pb_text][\/et_pb_column][et_pb_column type=\u00a0\u00bb1_3&Prime; _builder_version=\u00a0\u00bb4.21.0&Prime; _module_preset=\u00a0\u00bbdefault\u00a0\u00bb global_colors_info=\u00a0\u00bb{}\u00a0\u00bb][et_pb_image src=\u00a0\u00bbhttps:\/\/recreation-sete.fr\/wp-content\/uploads\/2025\/07\/styles.webp\u00a0\u00bb alt=\u00a0\u00bbnous donnons des cours de musique pour tous les styles\u00a0\u00bb title_text=\u00a0\u00bbstyles diff\u00e9rents de musique\u00a0\u00bb _builder_version=\u00a0\u00bb4.27.4&Prime; _module_preset=\u00a0\u00bbdefault\u00a0\u00bb max_width=\u00a0\u00bb64px\u00a0\u00bb max_height=\u00a0\u00bb64px\u00a0\u00bb custom_margin=\u00a0\u00bb||20px||false|false\u00a0\u00bb global_colors_info=\u00a0\u00bb{}\u00a0\u00bb][\/et_pb_image][et_pb_text _builder_version=\u00a0\u00bb4.27.4&Prime; _module_preset=\u00a0\u00bb75824bb6-158e-4461-afe4-dd45e6f3bb70&Prime; global_colors_info=\u00a0\u00bb{}\u00a0\u00bb]<\/p>\n<h3>Les styles<\/h3>\n<p>[\/et_pb_text][et_pb_text _builder_version=\u00a0\u00bb4.24.2&Prime; _module_preset=\u00a0\u00bb8d1d9634-14cc-40c4-9898-a955ff15acc5&Prime; custom_padding=\u00a0\u00bb||0px|||\u00a0\u00bb global_colors_info=\u00a0\u00bb{}\u00a0\u00bb]<\/p>\n<p>Nous venons d&rsquo;univers diff\u00e9rents mais notre approche et notre technique sont les bases indispensables pour vous permettre d&rsquo;appr\u00e9hender le.s style.s qui vous plaisent!<\/p>\n<p>[\/et_pb_text][et_pb_button button_url=\u00a0\u00bbhttp:\/\/recreation-sete.fr\/wp-content\/uploads\/2025\/07\/Fiche-inscription-Re-creation-25-26-2.pdf\u00a0\u00bb button_text=\u00a0\u00bbJe veux m&rsquo;inscrire ! \u00a0\u00bb button_alignment=\u00a0\u00bbcenter\u00a0\u00bb _builder_version=\u00a0\u00bb4.27.4&Prime; _module_preset=\u00a0\u00bb5449627d-db24-4018-9106-4bdb80237de7&Prime; hover_enabled=\u00a0\u00bb0&Prime; locked=\u00a0\u00bboff\u00a0\u00bb global_colors_info=\u00a0\u00bb{}\u00a0\u00bb sticky_enabled=\u00a0\u00bb0&Prime;][\/et_pb_button][\/et_pb_column][et_pb_column type=\u00a0\u00bb1_3&Prime; _builder_version=\u00a0\u00bb4.21.0&Prime; _module_preset=\u00a0\u00bbdefault\u00a0\u00bb global_colors_info=\u00a0\u00bb{}\u00a0\u00bb][et_pb_image src=\u00a0\u00bbhttps:\/\/recreation-sete.fr\/wp-content\/uploads\/2025\/07\/niveaux-2.webp\u00a0\u00bb alt=\u00a0\u00bbniveaux\u00a0\u00bb title_text=\u00a0\u00bbniveaux de d\u00e9butant \u00e0 professionnel\u00a0\u00bb _builder_version=\u00a0\u00bb4.27.4&Prime; _module_preset=\u00a0\u00bbdefault\u00a0\u00bb max_width=\u00a0\u00bb64px\u00a0\u00bb max_height=\u00a0\u00bb64px\u00a0\u00bb custom_margin=\u00a0\u00bb||20px||false|false\u00a0\u00bb locked=\u00a0\u00bboff\u00a0\u00bb global_colors_info=\u00a0\u00bb{}\u00a0\u00bb][\/et_pb_image][et_pb_text _builder_version=\u00a0\u00bb4.27.4&Prime; _module_preset=\u00a0\u00bb75824bb6-158e-4461-afe4-dd45e6f3bb70&Prime; locked=\u00a0\u00bboff\u00a0\u00bb global_colors_info=\u00a0\u00bb{}\u00a0\u00bb]<\/p>\n<h3><strong>Les niveaux<\/strong><\/h3>\n<p>[\/et_pb_text][et_pb_text _builder_version=\u00a0\u00bb4.24.2&Prime; _module_preset=\u00a0\u00bb8d1d9634-14cc-40c4-9898-a955ff15acc5&Prime; global_colors_info=\u00a0\u00bb{}\u00a0\u00bb]<\/p>\n<p>Nos enseignants sont tous des p\u00e9dagogues et des artistes qui ont appris au cours de leur carri\u00e8re \u00e0 jouer de leurs instruments en fonction du r\u00e9pertoire demand\u00e9. Ils peuvent accompagner tous les niveaux.<\/p>\n<p>[\/et_pb_text][\/et_pb_column][\/et_pb_row][\/et_pb_section]<\/p>\n","protected":false},"excerpt":{"rendered":"<p>Sous titreLa structureLa Re-cr\u00e9ation est un lieu d&rsquo;enseignement conviviale, adapt\u00e9 \u00e0 tous les niveaux, les \u00e2ges et les styles. La diff\u00e9rence fait la richesse de nos \u00e9changes!Les \u00e2gesTous les cours sont adapt\u00e9s en fonction de votre \u00e2ge, que ce soit pour les touts petits, les enfants, les ados, les adultes et les seniors!Les stylesNous venons [&hellip;]<\/p>\n","protected":false},"author":1,"featured_media":0,"parent":0,"menu_order":0,"comment_status":"closed","ping_status":"closed","template":"","meta":{"_et_pb_use_builder":"on","_et_pb_old_content":"","_et_gb_content_width":"","footnotes":""},"class_list":["post-119","page","type-page","status-publish","hentry"],"yoast_head":"<!-- This site is optimized with the Yoast SEO plugin v27.3 - https:\/\/yoast.com\/product\/yoast-seo-wordpress\/ -->\n<title>La Structure - Recreation<\/title>\n<meta name=\"description\" content=\"La Re-cr\u00e9ation est une structure qui accueille des cours individuels et collectifs en musique et en arts de la sc\u00e8ne pour tous les \u00e2ges.\" \/>\n<meta name=\"robots\" content=\"index, follow, max-snippet:-1, max-image-preview:large, max-video-preview:-1\" \/>\n<link rel=\"canonical\" href=\"https:\/\/recreation-sete.fr\/index.php\/la-structure\/\" \/>\n<meta property=\"og:locale\" content=\"fr_FR\" \/>\n<meta property=\"og:type\" content=\"article\" \/>\n<meta property=\"og:title\" content=\"La Structure - Recreation\" \/>\n<meta property=\"og:description\" content=\"La Re-cr\u00e9ation est une structure qui accueille des cours individuels et collectifs en musique et en arts de la sc\u00e8ne pour tous les \u00e2ges.\" \/>\n<meta property=\"og:url\" content=\"https:\/\/recreation-sete.fr\/index.php\/la-structure\/\" \/>\n<meta property=\"og:site_name\" content=\"Recreation\" \/>\n<meta property=\"article:publisher\" content=\"https:\/\/www.facebook.com\/marine.chaboud\" \/>\n<meta property=\"article:modified_time\" content=\"2025-07-28T14:38:00+00:00\" \/>\n<meta name=\"twitter:card\" content=\"summary_large_image\" \/>\n<meta name=\"twitter:label1\" content=\"Dur\u00e9e de lecture estim\u00e9e\" \/>\n\t<meta name=\"twitter:data1\" content=\"2 minutes\" \/>\n<script type=\"application\/ld+json\" class=\"yoast-schema-graph\">{\"@context\":\"https:\\\/\\\/schema.org\",\"@graph\":[{\"@type\":\"WebPage\",\"@id\":\"https:\\\/\\\/recreation-sete.fr\\\/index.php\\\/la-structure\\\/\",\"url\":\"https:\\\/\\\/recreation-sete.fr\\\/index.php\\\/la-structure\\\/\",\"name\":\"La Structure - Recreation\",\"isPartOf\":{\"@id\":\"https:\\\/\\\/recreation-sete.fr\\\/#website\"},\"datePublished\":\"2025-04-07T14:14:15+00:00\",\"dateModified\":\"2025-07-28T14:38:00+00:00\",\"description\":\"La Re-cr\u00e9ation est une structure qui accueille des cours individuels et collectifs en musique et en arts de la sc\u00e8ne pour tous les \u00e2ges.\",\"breadcrumb\":{\"@id\":\"https:\\\/\\\/recreation-sete.fr\\\/index.php\\\/la-structure\\\/#breadcrumb\"},\"inLanguage\":\"fr-FR\",\"potentialAction\":[{\"@type\":\"ReadAction\",\"target\":[\"https:\\\/\\\/recreation-sete.fr\\\/index.php\\\/la-structure\\\/\"]}]},{\"@type\":\"BreadcrumbList\",\"@id\":\"https:\\\/\\\/recreation-sete.fr\\\/index.php\\\/la-structure\\\/#breadcrumb\",\"itemListElement\":[{\"@type\":\"ListItem\",\"position\":1,\"name\":\"Accueil\",\"item\":\"https:\\\/\\\/recreation-sete.fr\\\/\"},{\"@type\":\"ListItem\",\"position\":2,\"name\":\"La Structure\"}]},{\"@type\":\"WebSite\",\"@id\":\"https:\\\/\\\/recreation-sete.fr\\\/#website\",\"url\":\"https:\\\/\\\/recreation-sete.fr\\\/\",\"name\":\"Recr\u00e9ation \u00e0 S\u00e9te\",\"description\":\"Structure des Arts Vivants\",\"publisher\":{\"@id\":\"https:\\\/\\\/recreation-sete.fr\\\/#organization\"},\"potentialAction\":[{\"@type\":\"SearchAction\",\"target\":{\"@type\":\"EntryPoint\",\"urlTemplate\":\"https:\\\/\\\/recreation-sete.fr\\\/?s={search_term_string}\"},\"query-input\":{\"@type\":\"PropertyValueSpecification\",\"valueRequired\":true,\"valueName\":\"search_term_string\"}}],\"inLanguage\":\"fr-FR\"},{\"@type\":\"Organization\",\"@id\":\"https:\\\/\\\/recreation-sete.fr\\\/#organization\",\"name\":\"Recr\u00e9ation \u00e0 S\u00e9te\",\"url\":\"https:\\\/\\\/recreation-sete.fr\\\/\",\"logo\":{\"@type\":\"ImageObject\",\"inLanguage\":\"fr-FR\",\"@id\":\"https:\\\/\\\/recreation-sete.fr\\\/#\\\/schema\\\/logo\\\/image\\\/\",\"url\":\"https:\\\/\\\/recreation-sete.fr\\\/wp-content\\\/uploads\\\/2025\\\/03\\\/recreation-logo-300px.png\",\"contentUrl\":\"https:\\\/\\\/recreation-sete.fr\\\/wp-content\\\/uploads\\\/2025\\\/03\\\/recreation-logo-300px.png\",\"width\":301,\"height\":91,\"caption\":\"Recr\u00e9ation \u00e0 S\u00e9te\"},\"image\":{\"@id\":\"https:\\\/\\\/recreation-sete.fr\\\/#\\\/schema\\\/logo\\\/image\\\/\"},\"sameAs\":[\"https:\\\/\\\/www.facebook.com\\\/marine.chaboud\",\"https:\\\/\\\/www.instagram.com\\\/forma_voix\\\/\",\"https:\\\/\\\/www.linkedin.com\\\/in\\\/marine-chaboud-formavoix\\\/\"]}]}<\/script>\n<!-- \/ Yoast SEO plugin. -->","yoast_head_json":{"title":"La Structure - Recreation","description":"La Re-cr\u00e9ation est une structure qui accueille des cours individuels et collectifs en musique et en arts de la sc\u00e8ne pour tous les \u00e2ges.","robots":{"index":"index","follow":"follow","max-snippet":"max-snippet:-1","max-image-preview":"max-image-preview:large","max-video-preview":"max-video-preview:-1"},"canonical":"https:\/\/recreation-sete.fr\/index.php\/la-structure\/","og_locale":"fr_FR","og_type":"article","og_title":"La Structure - Recreation","og_description":"La Re-cr\u00e9ation est une structure qui accueille des cours individuels et collectifs en musique et en arts de la sc\u00e8ne pour tous les \u00e2ges.","og_url":"https:\/\/recreation-sete.fr\/index.php\/la-structure\/","og_site_name":"Recreation","article_publisher":"https:\/\/www.facebook.com\/marine.chaboud","article_modified_time":"2025-07-28T14:38:00+00:00","twitter_card":"summary_large_image","twitter_misc":{"Dur\u00e9e de lecture estim\u00e9e":"2 minutes"},"schema":{"@context":"https:\/\/schema.org","@graph":[{"@type":"WebPage","@id":"https:\/\/recreation-sete.fr\/index.php\/la-structure\/","url":"https:\/\/recreation-sete.fr\/index.php\/la-structure\/","name":"La Structure - Recreation","isPartOf":{"@id":"https:\/\/recreation-sete.fr\/#website"},"datePublished":"2025-04-07T14:14:15+00:00","dateModified":"2025-07-28T14:38:00+00:00","description":"La Re-cr\u00e9ation est une structure qui accueille des cours individuels et collectifs en musique et en arts de la sc\u00e8ne pour tous les \u00e2ges.","breadcrumb":{"@id":"https:\/\/recreation-sete.fr\/index.php\/la-structure\/#breadcrumb"},"inLanguage":"fr-FR","potentialAction":[{"@type":"ReadAction","target":["https:\/\/recreation-sete.fr\/index.php\/la-structure\/"]}]},{"@type":"BreadcrumbList","@id":"https:\/\/recreation-sete.fr\/index.php\/la-structure\/#breadcrumb","itemListElement":[{"@type":"ListItem","position":1,"name":"Accueil","item":"https:\/\/recreation-sete.fr\/"},{"@type":"ListItem","position":2,"name":"La Structure"}]},{"@type":"WebSite","@id":"https:\/\/recreation-sete.fr\/#website","url":"https:\/\/recreation-sete.fr\/","name":"Recr\u00e9ation \u00e0 S\u00e9te","description":"Structure des Arts Vivants","publisher":{"@id":"https:\/\/recreation-sete.fr\/#organization"},"potentialAction":[{"@type":"SearchAction","target":{"@type":"EntryPoint","urlTemplate":"https:\/\/recreation-sete.fr\/?s={search_term_string}"},"query-input":{"@type":"PropertyValueSpecification","valueRequired":true,"valueName":"search_term_string"}}],"inLanguage":"fr-FR"},{"@type":"Organization","@id":"https:\/\/recreation-sete.fr\/#organization","name":"Recr\u00e9ation \u00e0 S\u00e9te","url":"https:\/\/recreation-sete.fr\/","logo":{"@type":"ImageObject","inLanguage":"fr-FR","@id":"https:\/\/recreation-sete.fr\/#\/schema\/logo\/image\/","url":"https:\/\/recreation-sete.fr\/wp-content\/uploads\/2025\/03\/recreation-logo-300px.png","contentUrl":"https:\/\/recreation-sete.fr\/wp-content\/uploads\/2025\/03\/recreation-logo-300px.png","width":301,"height":91,"caption":"Recr\u00e9ation \u00e0 S\u00e9te"},"image":{"@id":"https:\/\/recreation-sete.fr\/#\/schema\/logo\/image\/"},"sameAs":["https:\/\/www.facebook.com\/marine.chaboud","https:\/\/www.instagram.com\/forma_voix\/","https:\/\/www.linkedin.com\/in\/marine-chaboud-formavoix\/"]}]}},"_links":{"self":[{"href":"https:\/\/recreation-sete.fr\/index.php\/wp-json\/wp\/v2\/pages\/119","targetHints":{"allow":["GET"]}}],"collection":[{"href":"https:\/\/recreation-sete.fr\/index.php\/wp-json\/wp\/v2\/pages"}],"about":[{"href":"https:\/\/recreation-sete.fr\/index.php\/wp-json\/wp\/v2\/types\/page"}],"author":[{"embeddable":true,"href":"https:\/\/recreation-sete.fr\/index.php\/wp-json\/wp\/v2\/users\/1"}],"replies":[{"embeddable":true,"href":"https:\/\/recreation-sete.fr\/index.php\/wp-json\/wp\/v2\/comments?post=119"}],"version-history":[{"count":21,"href":"https:\/\/recreation-sete.fr\/index.php\/wp-json\/wp\/v2\/pages\/119\/revisions"}],"predecessor-version":[{"id":809,"href":"https:\/\/recreation-sete.fr\/index.php\/wp-json\/wp\/v2\/pages\/119\/revisions\/809"}],"wp:attachment":[{"href":"https:\/\/recreation-sete.fr\/index.php\/wp-json\/wp\/v2\/media?parent=119"}],"curies":[{"name":"wp","href":"https:\/\/api.w.org\/{rel}","templated":true}]}}